{"id":438,"date":"2020-02-25T08:18:26","date_gmt":"2020-02-25T07:18:26","guid":{"rendered":"https:\/\/reklame-ufholz.de\/?page_id=438"},"modified":"2024-11-29T09:29:43","modified_gmt":"2024-11-29T08:29:43","slug":"startseite-copy","status":"publish","type":"page","link":"https:\/\/reklame-ufholz.de\/","title":{"rendered":"Startseite Neu"},"content":{"rendered":"\n\n\t\t\t\t<a href=\"https:\/\/reklame-ufholz.de\/?page_id=438\" target=\"_self\" itemprop=\"url\">\n\t\t\t\t<img loading=\"lazy\" decoding=\"async\" src=\"https:\/\/reklame-ufholz.de\/wp-content\/uploads\/2020\/02\/Logo_klein-1.png\" alt=\"Logo_klein\" itemprop=\"image\" height=\"111\" width=\"127\" title=\"Logo_klein\" onerror=\"this.style.display='none'\"  \/>\n\t\t\t\t<\/a>\n\t\t\t\t<a href=\"https:\/\/reklame-ufholz.de\/?page_id=438\" target=\"_self\" itemprop=\"url\">\n\t\t\t\t<img loading=\"lazy\" decoding=\"async\" src=\"https:\/\/reklame-ufholz.de\/wp-content\/uploads\/2020\/02\/Schriftzug-1024x85.png\" alt=\"Schriftzug\" itemprop=\"image\" height=\"85\" width=\"1024\" title=\"Schriftzug\" onerror=\"this.style.display='none'\"  \/>\n\t\t\t\t<\/a>\n<h1>\n\t\tWillkommen bei Reklame Ufholz\n\t<\/h1>\n<h2>\n\t\tIhr Werbetechnik-Partner im Raum Karlsruhe\n\t<\/h2>\n\t<p>Mit \u00fcber 40 Jahren Erfahrung bieten wir Ihnen individuelle und ma\u00dfgefertigte Werbetechnik mit Design und Ausf\u00fchrung aus einer Hand.<\/p>\n<p>&nbsp;<\/p>\n\t\t\t\t\t\t\t\t<a href=\"#\" target=\"_self\">\n\t\t\t\t\t\t<\/a>\n\t<h3><a href=\"#\" target=\"_self\">Beratung<\/a><\/h3><p>Wir beraten Sie zur optimalen Ausgestaltung Ihrer Werbung.<\/p>\n\t\t\t\t\t\t\t\t<a href=\"#\" target=\"_self\">\n\t\t\t\t\t\t<\/a>\n\t<h3><a href=\"#\" target=\"_self\">Konzeptionierung<\/a><\/h3><p>Gemeinsam mit Ihnen erstellen wir ein passendes Konzept f\u00fcr Ihre Werbung.<\/p>\n\t\t\t\t\t\t\t\t<a href=\"#\" target=\"_self\">\n\t\t\t\t\t\t<\/a>\n\t<h3><a href=\"#\" target=\"_self\">Umsetzung<\/a><\/h3><p>Mit mehr als 40 Jahren Erfahrung setzen wir Ihre Werbung fachkundig in die Tat um.<\/p>\n\t\t\t\t\t\t\t\t<a href=\"#\" target=\"_self\">\n\t\t\t\t\t\t<\/a>\n\t<h3><a href=\"#\" target=\"_self\">Montage<\/a><\/h3><p>Gerne \u00fcbernehmen wir auch die Montage unserer Werbung f\u00fcr Sie.<\/p>\n<h2>\n\t\tUnsere Leistungen\n\t<\/h2>\n<h3>\n\t\tSeit \u00fcber 40 Jahren unterst\u00fctzen wir Sie als Spezialist f\u00fcr Innen- und Au\u00dfenwerbung\n\t<\/h3>\n\t\t\t\t<a href=\"https:\/\/reklame-ufholz.de\/?page_id=207\" target=\"_self\" itemprop=\"url\">\n\t\t\t\t<img loading=\"lazy\" decoding=\"async\" src=\"https:\/\/reklame-ufholz.de\/wp-content\/uploads\/2020\/02\/Fahrzeugbeschr_formatiert.jpg\" alt=\"Fahrzeugbeschr_formatiert\" itemprop=\"image\" height=\"530\" width=\"793\" title=\"Fahrzeugbeschr_formatiert\" onerror=\"this.style.display='none'\"  \/>\n\t\t\t\t<\/a>\n<h3>\n\t\t<a href=\"https:\/\/reklame-ufholz.de\/?page_id=207\" title=\"Fahrzeugbeschriftungen\" target=\"_self\">\n\t\tFahrzeugbeschriftungen\n\t\t<\/a>\n\t<\/h3>\n\t<p>PKW- und Transporter-Beschriftungen machen Ihre Werbung mobil und erh\u00f6hen die Reichweite Ihrer Werbung.<\/p>\n\t\t\t\t<a href=\"https:\/\/reklame-ufholz.de\/?page_id=303\" target=\"_self\" itemprop=\"url\">\n\t\t\t\t<img loading=\"lazy\" decoding=\"async\" src=\"https:\/\/reklame-ufholz.de\/wp-content\/uploads\/2020\/01\/20170713_120004-scaled.jpg\" alt=\"20170713_120004\" itemprop=\"image\" height=\"1920\" width=\"2560\" title=\"20170713_120004\" onerror=\"this.style.display='none'\"  \/>\n\t\t\t\t<\/a>\n<h3>\n\t\t<a href=\"https:\/\/reklame-ufholz.de\/?page_id=303\" title=\"Schilder &amp; Werbetafeln\" target=\"_self\">\n\t\tSchilder &#038; Werbetafeln\n\t\t<\/a>\n\t<\/h3>\n\t<p>Werbeschilder, Bauschilder, Hinweisschilder, Sportplatzschilder, Verbotsschilder und vieles mehr.<\/p>\n\t\t\t\t<a href=\"https:\/\/reklame-ufholz.de\/?page_id=308\" target=\"_self\" itemprop=\"url\">\n\t\t\t\t<img loading=\"lazy\" decoding=\"async\" src=\"https:\/\/reklame-ufholz.de\/wp-content\/uploads\/2020\/02\/Fassade_formatiert.jpg\" alt=\"Fassade_formatiert\" itemprop=\"image\" height=\"526\" width=\"793\" title=\"Fassade_formatiert\" onerror=\"this.style.display='none'\"  \/>\n\t\t\t\t<\/a>\n<h3>\n\t\t<a href=\"https:\/\/reklame-ufholz.de\/?page_id=308\" title=\"Fassadenbeschriftungen\" target=\"_self\">\n\t\tFassadenbeschriftungen\n\t\t<\/a>\n\t<\/h3>\n\t<p>Durch die Farbgestaltung und das Design entsteht eine einpr\u00e4gsame Optik und Ihre Geb\u00e4udefassade wird damit zum Hingucker.<\/p>\n\t\t\t\t<a href=\"https:\/\/reklame-ufholz.de\/?page_id=312\" target=\"_self\" itemprop=\"url\">\n\t\t\t\t<img loading=\"lazy\" decoding=\"async\" src=\"https:\/\/reklame-ufholz.de\/wp-content\/uploads\/2020\/02\/LKWbeschr_formatiert.jpg\" alt=\"LKWbeschr_formatiert\" itemprop=\"image\" height=\"527\" width=\"793\" title=\"LKWbeschr_formatiert\" onerror=\"this.style.display='none'\"  \/>\n\t\t\t\t<\/a>\n<h3>\n\t\t<a href=\"https:\/\/reklame-ufholz.de\/?page_id=312\" title=\"LKW &amp; Bus-Beschriftungen\" target=\"_self\">\n\t\tLKW &#038; Bus-Beschriftungen\n\t\t<\/a>\n\t<\/h3>\n<h2>\n\t\tIn unserer Werkstatt mit einer speziell f\u00fcr Fahrzeugbeschriftungen eingerichteten Halle k\u00f6nnen wir wetterunabh\u00e4ngig Beschriftungen von LKW und Bussen bis zu einer L\u00e4nge von 15 m vornehmen.\n\t<\/h2>\n\t\t\t\t<a href=\"https:\/\/reklame-ufholz.de\/?page_id=315\" target=\"_self\" itemprop=\"url\">\n\t\t\t\t<img loading=\"lazy\" decoding=\"async\" src=\"https:\/\/reklame-ufholz.de\/wp-content\/uploads\/2020\/02\/Schaufenster_formatiert_v3.jpg\" alt=\"Schaufenster_formatiert_v3\" itemprop=\"image\" height=\"300\" width=\"399\" title=\"Schaufenster_formatiert_v3\" onerror=\"this.style.display='none'\"  \/>\n\t\t\t\t<\/a>\n<h3>\n\t\t<a href=\"https:\/\/reklame-ufholz.de\/?page_id=315\" title=\"Schaufenster &amp; Sichtschutz\" target=\"_self\">\n\t\tSchaufenster &#038; Sichtschutz\n\t\t<\/a>\n\t<\/h3>\n<h2>\n\t\tEin individuell gestaltetes Schaufenster schafft Aufmerksamkeit bei potentieller Laufkundschaft.\n\t<\/h2>\n\t\t\t\t<a href=\"https:\/\/reklame-ufholz.de\/?page_id=320\" target=\"_self\" itemprop=\"url\">\n\t\t\t\t<img loading=\"lazy\" decoding=\"async\" src=\"https:\/\/reklame-ufholz.de\/wp-content\/uploads\/2020\/02\/Digitaldruck_formatiert.jpg\" alt=\"Digitaldruck_formatiert\" itemprop=\"image\" height=\"527\" width=\"793\" title=\"Digitaldruck_formatiert\" onerror=\"this.style.display='none'\"  \/>\n\t\t\t\t<\/a>\n<h3>\n\t\t<a href=\"https:\/\/reklame-ufholz.de\/?page_id=320\" title=\"Digitaldrucke\" target=\"_self\">\n\t\tDigitaldrucke\n\t\t<\/a>\n\t<\/h3>\n<h2>\n\t\tBrillante Digitaldrucke verleihen Ihrer Werbung das besondere &#8222;Etwas&#8220;.\n\t<\/h2>\n\t\t\t\t<a href=\"https:\/\/reklame-ufholz.de\/?page_id=325\" target=\"_self\" itemprop=\"url\">\n\t\t\t\t<img loading=\"lazy\" decoding=\"async\" src=\"https:\/\/reklame-ufholz.de\/wp-content\/uploads\/2020\/02\/Leitsysteme_formatiert.jpg\" alt=\"Leitsysteme_formatiert\" itemprop=\"image\" height=\"759\" width=\"650\" title=\"Leitsysteme_formatiert\" onerror=\"this.style.display='none'\"  \/>\n\t\t\t\t<\/a>\n<h3>\n\t\t<a href=\"https:\/\/reklame-ufholz.de\/?page_id=325\" title=\"Innenwerbung\" target=\"_self\">\n\t\tInnenwerbung\n\t\t<\/a>\n\t<\/h3>\n<h2>\n\t\tGeb\u00e4udeleitsysteme, Innenbeschriftungen, Sichtschutzfolien und vieles mehr.\n\t<\/h2>\n\t\t\t\t<a href=\"https:\/\/reklame-ufholz.de\/?page_id=328\" target=\"_self\" itemprop=\"url\">\n\t\t\t\t<img loading=\"lazy\" decoding=\"async\" src=\"https:\/\/reklame-ufholz.de\/wp-content\/uploads\/2020\/02\/Planen_Banner_formatiert.jpg\" alt=\"Planen_Banner_formatiert\" itemprop=\"image\" height=\"530\" width=\"804\" title=\"Planen_Banner_formatiert\" onerror=\"this.style.display='none'\"  \/>\n\t\t\t\t<\/a>\n<h3>\n\t\t<a href=\"https:\/\/reklame-ufholz.de\/?page_id=328\" title=\"Werbebanner &amp; Planen\" target=\"_self\">\n\t\tWerbebanner &#038; Planen\n\t\t<\/a>\n\t<\/h3>\n<h2>\n\t\tBanner &#038; Planen beschriftet mit Digialdruck oder spezieller Planenfarbe, fertig ges\u00e4umt und ge\u00f6st.\n\t<\/h2>\n\t\t\t\t<a href=\"https:\/\/reklame-ufholz.de\/?page_id=331\" target=\"_self\" itemprop=\"url\">\n\t\t\t\t<img loading=\"lazy\" decoding=\"async\" src=\"https:\/\/reklame-ufholz.de\/wp-content\/uploads\/2020\/02\/Pylon_formatiert.jpg\" alt=\"Pylon_formatiert\" itemprop=\"image\" height=\"775\" width=\"655\" title=\"Pylon_formatiert\" onerror=\"this.style.display='none'\"  \/>\n\t\t\t\t<\/a>\n<h3>\n\t\t<a href=\"https:\/\/reklame-ufholz.de\/?page_id=331\" title=\"Pylone\" target=\"_self\">\n\t\tPylone\n\t\t<\/a>\n\t<\/h3>\n<h2>\n\t\tPylone in Gr\u00f6\u00dfe und Form, passend zu Ihrem Firmenauftritt. \n\t<\/h2>\n\t\t<h3>Sie haben Fragen? Kontaktieren Sie uns!<\/h3>\n\t\t\t<a href=\"https:\/\/reklame-ufholz.de\/?page_id=18\" target=\"_self\">\n\t\t\t\t\t\tKontakt aufnehmen\n\t\t\t\t\t<\/a>\n\n","protected":false},"excerpt":{"rendered":"<p>Willkommen bei Reklame Ufholz Ihr Werbetechnik-Partner im Raum Karlsruhe Mit \u00fcber 40 Jahren Erfahrung bieten wir Ihnen individuelle und ma\u00dfgefertigte Werbetechnik mit Design und Ausf\u00fchrung aus einer Hand. &nbsp; Beratung Wir beraten Sie zur optimalen Ausgestaltung Ihrer Werbung. Konzeptionierung Gemeinsam mit Ihnen erstellen wir ein passendes Konzept f\u00fcr Ihre Werbung. Umsetzung Mit mehr als 40&hellip;<\/p>\n","protected":false},"author":1,"featured_media":0,"parent":0,"menu_order":0,"comment_status":"closed","ping_status":"closed","template":"tpl-no-header-footer.php","meta":{"footnotes":""},"class_list":["post-438","page","type-page","status-publish","hentry"],"yoast_head":"<!-- This site is optimized with the Yoast SEO plugin v26.3 - https:\/\/yoast.com\/wordpress\/plugins\/seo\/ -->\n<title>Startseite Neu - Reklame Ufholz<\/title>\n<meta name=\"robots\" content=\"index, follow, max-snippet:-1, max-image-preview:large, max-video-preview:-1\" \/>\n<link rel=\"canonical\" href=\"https:\/\/reklame-ufholz.de\/\" \/>\n<meta property=\"og:locale\" content=\"de_DE\" \/>\n<meta property=\"og:type\" content=\"article\" \/>\n<meta property=\"og:title\" content=\"Startseite Neu - Reklame Ufholz\" \/>\n<meta property=\"og:description\" content=\"Willkommen bei Reklame Ufholz Ihr Werbetechnik-Partner im Raum Karlsruhe Mit \u00fcber 40 Jahren Erfahrung bieten wir Ihnen individuelle und ma\u00dfgefertigte Werbetechnik mit Design und Ausf\u00fchrung aus einer Hand. &nbsp; Beratung Wir beraten Sie zur optimalen Ausgestaltung Ihrer Werbung. Konzeptionierung Gemeinsam mit Ihnen erstellen wir ein passendes Konzept f\u00fcr Ihre Werbung. Umsetzung Mit mehr als 40&hellip;\" \/>\n<meta property=\"og:url\" content=\"https:\/\/reklame-ufholz.de\/\" \/>\n<meta property=\"og:site_name\" content=\"Reklame Ufholz\" \/>\n<meta property=\"article:modified_time\" content=\"2024-11-29T08:29:43+00:00\" \/>\n<meta property=\"og:image\" content=\"https:\/\/reklame-ufholz.de\/wp-content\/uploads\/2020\/02\/Logo_klein-1.png\" \/>\n<meta name=\"twitter:card\" content=\"summary_large_image\" \/>\n<meta name=\"twitter:label1\" content=\"Gesch\u00e4tzte Lesezeit\" \/>\n\t<meta name=\"twitter:data1\" content=\"4\u00a0Minuten\" \/>\n<script type=\"application\/ld+json\" class=\"yoast-schema-graph\">{\"@context\":\"https:\/\/schema.org\",\"@graph\":[{\"@type\":\"WebPage\",\"@id\":\"https:\/\/reklame-ufholz.de\/\",\"url\":\"https:\/\/reklame-ufholz.de\/\",\"name\":\"Startseite Neu - Reklame Ufholz\",\"isPartOf\":{\"@id\":\"https:\/\/reklame-ufholz.de\/#website\"},\"primaryImageOfPage\":{\"@id\":\"https:\/\/reklame-ufholz.de\/#primaryimage\"},\"image\":{\"@id\":\"https:\/\/reklame-ufholz.de\/#primaryimage\"},\"thumbnailUrl\":\"https:\/\/reklame-ufholz.de\/wp-content\/uploads\/2020\/02\/Logo_klein-1.png\",\"datePublished\":\"2020-02-25T07:18:26+00:00\",\"dateModified\":\"2024-11-29T08:29:43+00:00\",\"breadcrumb\":{\"@id\":\"https:\/\/reklame-ufholz.de\/#breadcrumb\"},\"inLanguage\":\"de\",\"potentialAction\":[{\"@type\":\"ReadAction\",\"target\":[\"https:\/\/reklame-ufholz.de\/\"]}]},{\"@type\":\"ImageObject\",\"inLanguage\":\"de\",\"@id\":\"https:\/\/reklame-ufholz.de\/#primaryimage\",\"url\":\"https:\/\/reklame-ufholz.de\/wp-content\/uploads\/2020\/02\/Logo_klein-1.png\",\"contentUrl\":\"https:\/\/reklame-ufholz.de\/wp-content\/uploads\/2020\/02\/Logo_klein-1.png\",\"width\":127,\"height\":111},{\"@type\":\"BreadcrumbList\",\"@id\":\"https:\/\/reklame-ufholz.de\/#breadcrumb\",\"itemListElement\":[{\"@type\":\"ListItem\",\"position\":1,\"name\":\"Startseite\",\"item\":\"https:\/\/reklame-ufholz.de\/\"},{\"@type\":\"ListItem\",\"position\":2,\"name\":\"Startseite Neu\"}]},{\"@type\":\"WebSite\",\"@id\":\"https:\/\/reklame-ufholz.de\/#website\",\"url\":\"https:\/\/reklame-ufholz.de\/\",\"name\":\"Reklame Ufholz\",\"description\":\"Ihr Werbetechnik-Partner im Raum Karlsruhe\",\"potentialAction\":[{\"@type\":\"SearchAction\",\"target\":{\"@type\":\"EntryPoint\",\"urlTemplate\":\"https:\/\/reklame-ufholz.de\/?s={search_term_string}\"},\"query-input\":{\"@type\":\"PropertyValueSpecification\",\"valueRequired\":true,\"valueName\":\"search_term_string\"}}],\"inLanguage\":\"de\"}]}<\/script>\n<!-- \/ Yoast SEO plugin. -->","yoast_head_json":{"title":"Startseite Neu - Reklame Ufholz","robots":{"index":"index","follow":"follow","max-snippet":"max-snippet:-1","max-image-preview":"max-image-preview:large","max-video-preview":"max-video-preview:-1"},"canonical":"https:\/\/reklame-ufholz.de\/","og_locale":"de_DE","og_type":"article","og_title":"Startseite Neu - Reklame Ufholz","og_description":"Willkommen bei Reklame Ufholz Ihr Werbetechnik-Partner im Raum Karlsruhe Mit \u00fcber 40 Jahren Erfahrung bieten wir Ihnen individuelle und ma\u00dfgefertigte Werbetechnik mit Design und Ausf\u00fchrung aus einer Hand. &nbsp; Beratung Wir beraten Sie zur optimalen Ausgestaltung Ihrer Werbung. Konzeptionierung Gemeinsam mit Ihnen erstellen wir ein passendes Konzept f\u00fcr Ihre Werbung. Umsetzung Mit mehr als 40&hellip;","og_url":"https:\/\/reklame-ufholz.de\/","og_site_name":"Reklame Ufholz","article_modified_time":"2024-11-29T08:29:43+00:00","og_image":[{"url":"https:\/\/reklame-ufholz.de\/wp-content\/uploads\/2020\/02\/Logo_klein-1.png","type":"","width":"","height":""}],"twitter_card":"summary_large_image","twitter_misc":{"Gesch\u00e4tzte Lesezeit":"4\u00a0Minuten"},"schema":{"@context":"https:\/\/schema.org","@graph":[{"@type":"WebPage","@id":"https:\/\/reklame-ufholz.de\/","url":"https:\/\/reklame-ufholz.de\/","name":"Startseite Neu - Reklame Ufholz","isPartOf":{"@id":"https:\/\/reklame-ufholz.de\/#website"},"primaryImageOfPage":{"@id":"https:\/\/reklame-ufholz.de\/#primaryimage"},"image":{"@id":"https:\/\/reklame-ufholz.de\/#primaryimage"},"thumbnailUrl":"https:\/\/reklame-ufholz.de\/wp-content\/uploads\/2020\/02\/Logo_klein-1.png","datePublished":"2020-02-25T07:18:26+00:00","dateModified":"2024-11-29T08:29:43+00:00","breadcrumb":{"@id":"https:\/\/reklame-ufholz.de\/#breadcrumb"},"inLanguage":"de","potentialAction":[{"@type":"ReadAction","target":["https:\/\/reklame-ufholz.de\/"]}]},{"@type":"ImageObject","inLanguage":"de","@id":"https:\/\/reklame-ufholz.de\/#primaryimage","url":"https:\/\/reklame-ufholz.de\/wp-content\/uploads\/2020\/02\/Logo_klein-1.png","contentUrl":"https:\/\/reklame-ufholz.de\/wp-content\/uploads\/2020\/02\/Logo_klein-1.png","width":127,"height":111},{"@type":"BreadcrumbList","@id":"https:\/\/reklame-ufholz.de\/#breadcrumb","itemListElement":[{"@type":"ListItem","position":1,"name":"Startseite","item":"https:\/\/reklame-ufholz.de\/"},{"@type":"ListItem","position":2,"name":"Startseite Neu"}]},{"@type":"WebSite","@id":"https:\/\/reklame-ufholz.de\/#website","url":"https:\/\/reklame-ufholz.de\/","name":"Reklame Ufholz","description":"Ihr Werbetechnik-Partner im Raum Karlsruhe","potentialAction":[{"@type":"SearchAction","target":{"@type":"EntryPoint","urlTemplate":"https:\/\/reklame-ufholz.de\/?s={search_term_string}"},"query-input":{"@type":"PropertyValueSpecification","valueRequired":true,"valueName":"search_term_string"}}],"inLanguage":"de"}]}},"_links":{"self":[{"href":"https:\/\/reklame-ufholz.de\/index.php?rest_route=\/wp\/v2\/pages\/438","targetHints":{"allow":["GET"]}}],"collection":[{"href":"https:\/\/reklame-ufholz.de\/index.php?rest_route=\/wp\/v2\/pages"}],"about":[{"href":"https:\/\/reklame-ufholz.de\/index.php?rest_route=\/wp\/v2\/types\/page"}],"author":[{"embeddable":true,"href":"https:\/\/reklame-ufholz.de\/index.php?rest_route=\/wp\/v2\/users\/1"}],"replies":[{"embeddable":true,"href":"https:\/\/reklame-ufholz.de\/index.php?rest_route=%2Fwp%2Fv2%2Fcomments&post=438"}],"version-history":[{"count":32,"href":"https:\/\/reklame-ufholz.de\/index.php?rest_route=\/wp\/v2\/pages\/438\/revisions"}],"predecessor-version":[{"id":2508,"href":"https:\/\/reklame-ufholz.de\/index.php?rest_route=\/wp\/v2\/pages\/438\/revisions\/2508"}],"wp:attachment":[{"href":"https:\/\/reklame-ufholz.de\/index.php?rest_route=%2Fwp%2Fv2%2Fmedia&parent=438"}],"curies":[{"name":"wp","href":"https:\/\/api.w.org\/{rel}","templated":true}]}}