{"id":331,"date":"2020-02-16T17:31:50","date_gmt":"2020-02-16T16:31:50","guid":{"rendered":"https:\/\/reklame-ufholz.de\/?page_id=331"},"modified":"2020-02-29T16:12:50","modified_gmt":"2020-02-29T15:12:50","slug":"pylone","status":"publish","type":"page","link":"https:\/\/reklame-ufholz.de\/?page_id=331","title":{"rendered":"Pylone"},"content":{"rendered":"\n\t\t\t\t<a href=\"https:\/\/reklame-ufholz.de\/?page_id=438\" target=\"_self\" itemprop=\"url\" rel=\"noopener noreferrer\">\n\t\t\t\t<img loading=\"lazy\" decoding=\"async\" src=\"https:\/\/reklame-ufholz.de\/wp-content\/uploads\/2020\/02\/Logo_klein-1.png\" alt=\"Logo_klein\" itemprop=\"image\" height=\"111\" width=\"127\" title=\"Logo_klein\" onerror=\"this.style.display='none'\"  \/>\n\t\t\t\t<\/a>\n\t\t\t\t<a href=\"https:\/\/reklame-ufholz.de\/?page_id=438\" target=\"_self\" itemprop=\"url\" rel=\"noopener noreferrer\">\n\t\t\t\t<img loading=\"lazy\" decoding=\"async\" src=\"https:\/\/reklame-ufholz.de\/wp-content\/uploads\/2020\/02\/Schriftzug-1024x85.png\" alt=\"Schriftzug\" itemprop=\"image\" height=\"85\" width=\"1024\" title=\"Schriftzug\" onerror=\"this.style.display='none'\"  \/>\n\t\t\t\t<\/a>\n<h1>\n\t\t<a href=\"#Referenz\" title=\"Pylone\" target=\"_self\" rel=\"noopener noreferrer\">\n\t\tPylone\n\t\t<\/a>\n\t<\/h1>\n\t<p>Pylone in unterschiedlichen Gr\u00f6\u00dfen und Formen, passend zu Ihrem Firmenauftritt, weisen Ihren Kunden von Weitem den Weg zu Ihnen. Optional k\u00f6nnen Pylone beleuchtet werden oder ein Briefkasten, Thermometer oder eine Uhr kann integriert werden.<\/p>\n<p>Wir beschriften f\u00fcr Sie mit:<\/p>\n<ul>\n<li>Folien<\/li>\n<li>Digitaldrucken<\/li>\n<\/ul>\n<p>&nbsp;<\/p>\n\t<h1>Referenzbeispiele<\/h1>\n\t\t\t\t<img loading=\"lazy\" decoding=\"async\" src=\"https:\/\/reklame-ufholz.de\/wp-content\/uploads\/2020\/01\/Pylon_DSC09429-scaled.jpg\" alt=\"Pylon_DSC09429\" itemprop=\"image\" height=\"2560\" width=\"1641\" title=\"Pylon_DSC09429\" onerror=\"this.style.display='none'\"  \/>\n\t\t\t\t<img loading=\"lazy\" decoding=\"async\" src=\"https:\/\/reklame-ufholz.de\/wp-content\/uploads\/2020\/01\/20190924_074844-scaled.jpg\" alt=\"20190924_074844\" itemprop=\"image\" height=\"1920\" width=\"2560\" title=\"20190924_074844\" onerror=\"this.style.display='none'\"  \/>\n\t\t\t\t<img loading=\"lazy\" decoding=\"async\" src=\"https:\/\/reklame-ufholz.de\/wp-content\/uploads\/2020\/02\/anhang3-2-scaled.jpg\" alt=\"anhang3\" itemprop=\"image\" height=\"2560\" width=\"1920\" title=\"anhang3\" onerror=\"this.style.display='none'\"  \/>\n\t\t\t\t<img loading=\"lazy\" decoding=\"async\" src=\"https:\/\/reklame-ufholz.de\/wp-content\/uploads\/2020\/02\/Pylon_formatiert.jpg\" alt=\"Pylon_formatiert\" itemprop=\"image\" height=\"775\" width=\"655\" title=\"Pylon_formatiert\" onerror=\"this.style.display='none'\"  \/>\n\t\t\t\t<img loading=\"lazy\" decoding=\"async\" src=\"https:\/\/reklame-ufholz.de\/wp-content\/uploads\/2020\/01\/DSC_1213-scaled.jpg\" alt=\"DSC_1213\" itemprop=\"image\" height=\"2560\" width=\"1700\" title=\"DSC_1213\" onerror=\"this.style.display='none'\"  \/>\n\t\t<h3>Sie haben Fragen? Kontaktieren Sie uns!<\/h3>\n\t\t\t<a href=\"https:\/\/reklame-ufholz.de\/?page_id=18\" target=\"_self\" role=\"button\" rel=\"noopener noreferrer\">\n\t\t\t\t\t\tKontakt aufnehmen\n\t\t\t\t\t<\/a>\n","protected":false},"excerpt":{"rendered":"<p>Pylone Pylone in unterschiedlichen Gr\u00f6\u00dfen und Formen, passend zu Ihrem Firmenauftritt, weisen Ihren Kunden von Weitem den Weg zu Ihnen. Optional k\u00f6nnen Pylone beleuchtet werden oder ein Briefkasten, Thermometer oder eine Uhr kann integriert werden. Wir beschriften f\u00fcr Sie mit: Folien Digitaldrucken &nbsp; Referenzbeispiele Sie haben Fragen? Kontaktieren Sie uns! Kontakt aufnehmen<\/p>\n","protected":false},"author":1,"featured_media":0,"parent":0,"menu_order":0,"comment_status":"closed","ping_status":"closed","template":"tpl-no-header-footer.php","meta":{"footnotes":""},"class_list":["post-331","page","type-page","status-publish","hentry"],"yoast_head":"<!-- This site is optimized with the Yoast SEO plugin v26.3 - https:\/\/yoast.com\/wordpress\/plugins\/seo\/ -->\n<title>Pylone - Reklame Ufholz<\/title>\n<meta name=\"robots\" content=\"index, follow, max-snippet:-1, max-image-preview:large, max-video-preview:-1\" \/>\n<link rel=\"canonical\" href=\"https:\/\/reklame-ufholz.de\/?page_id=331\" \/>\n<meta property=\"og:locale\" content=\"de_DE\" \/>\n<meta property=\"og:type\" content=\"article\" \/>\n<meta property=\"og:title\" content=\"Pylone - Reklame Ufholz\" \/>\n<meta property=\"og:description\" content=\"Pylone Pylone in unterschiedlichen Gr\u00f6\u00dfen und Formen, passend zu Ihrem Firmenauftritt, weisen Ihren Kunden von Weitem den Weg zu Ihnen. Optional k\u00f6nnen Pylone beleuchtet werden oder ein Briefkasten, Thermometer oder eine Uhr kann integriert werden. Wir beschriften f\u00fcr Sie mit: Folien Digitaldrucken &nbsp; Referenzbeispiele Sie haben Fragen? Kontaktieren Sie uns! Kontakt aufnehmen\" \/>\n<meta property=\"og:url\" content=\"https:\/\/reklame-ufholz.de\/?page_id=331\" \/>\n<meta property=\"og:site_name\" content=\"Reklame Ufholz\" \/>\n<meta property=\"article:modified_time\" content=\"2020-02-29T15:12:50+00:00\" \/>\n<meta property=\"og:image\" content=\"https:\/\/reklame-ufholz.de\/wp-content\/uploads\/2020\/02\/Logo_klein-1.png\" \/>\n<meta name=\"twitter:card\" content=\"summary_large_image\" \/>\n<script type=\"application\/ld+json\" class=\"yoast-schema-graph\">{\"@context\":\"https:\/\/schema.org\",\"@graph\":[{\"@type\":\"WebPage\",\"@id\":\"https:\/\/reklame-ufholz.de\/?page_id=331\",\"url\":\"https:\/\/reklame-ufholz.de\/?page_id=331\",\"name\":\"Pylone - Reklame Ufholz\",\"isPartOf\":{\"@id\":\"https:\/\/reklame-ufholz.de\/#website\"},\"primaryImageOfPage\":{\"@id\":\"https:\/\/reklame-ufholz.de\/?page_id=331#primaryimage\"},\"image\":{\"@id\":\"https:\/\/reklame-ufholz.de\/?page_id=331#primaryimage\"},\"thumbnailUrl\":\"https:\/\/reklame-ufholz.de\/wp-content\/uploads\/2020\/02\/Logo_klein-1.png\",\"datePublished\":\"2020-02-16T16:31:50+00:00\",\"dateModified\":\"2020-02-29T15:12:50+00:00\",\"breadcrumb\":{\"@id\":\"https:\/\/reklame-ufholz.de\/?page_id=331#breadcrumb\"},\"inLanguage\":\"de\",\"potentialAction\":[{\"@type\":\"ReadAction\",\"target\":[\"https:\/\/reklame-ufholz.de\/?page_id=331\"]}]},{\"@type\":\"ImageObject\",\"inLanguage\":\"de\",\"@id\":\"https:\/\/reklame-ufholz.de\/?page_id=331#primaryimage\",\"url\":\"https:\/\/reklame-ufholz.de\/wp-content\/uploads\/2020\/02\/Logo_klein-1.png\",\"contentUrl\":\"https:\/\/reklame-ufholz.de\/wp-content\/uploads\/2020\/02\/Logo_klein-1.png\",\"width\":127,\"height\":111},{\"@type\":\"BreadcrumbList\",\"@id\":\"https:\/\/reklame-ufholz.de\/?page_id=331#breadcrumb\",\"itemListElement\":[{\"@type\":\"ListItem\",\"position\":1,\"name\":\"Startseite\",\"item\":\"https:\/\/reklame-ufholz.de\/\"},{\"@type\":\"ListItem\",\"position\":2,\"name\":\"Pylone\"}]},{\"@type\":\"WebSite\",\"@id\":\"https:\/\/reklame-ufholz.de\/#website\",\"url\":\"https:\/\/reklame-ufholz.de\/\",\"name\":\"Reklame Ufholz\",\"description\":\"Ihr Werbetechnik-Partner im Raum Karlsruhe\",\"potentialAction\":[{\"@type\":\"SearchAction\",\"target\":{\"@type\":\"EntryPoint\",\"urlTemplate\":\"https:\/\/reklame-ufholz.de\/?s={search_term_string}\"},\"query-input\":{\"@type\":\"PropertyValueSpecification\",\"valueRequired\":true,\"valueName\":\"search_term_string\"}}],\"inLanguage\":\"de\"}]}<\/script>\n<!-- \/ Yoast SEO plugin. -->","yoast_head_json":{"title":"Pylone - Reklame Ufholz","robots":{"index":"index","follow":"follow","max-snippet":"max-snippet:-1","max-image-preview":"max-image-preview:large","max-video-preview":"max-video-preview:-1"},"canonical":"https:\/\/reklame-ufholz.de\/?page_id=331","og_locale":"de_DE","og_type":"article","og_title":"Pylone - Reklame Ufholz","og_description":"Pylone Pylone in unterschiedlichen Gr\u00f6\u00dfen und Formen, passend zu Ihrem Firmenauftritt, weisen Ihren Kunden von Weitem den Weg zu Ihnen. Optional k\u00f6nnen Pylone beleuchtet werden oder ein Briefkasten, Thermometer oder eine Uhr kann integriert werden. Wir beschriften f\u00fcr Sie mit: Folien Digitaldrucken &nbsp; Referenzbeispiele Sie haben Fragen? Kontaktieren Sie uns! Kontakt aufnehmen","og_url":"https:\/\/reklame-ufholz.de\/?page_id=331","og_site_name":"Reklame Ufholz","article_modified_time":"2020-02-29T15:12:50+00:00","og_image":[{"url":"https:\/\/reklame-ufholz.de\/wp-content\/uploads\/2020\/02\/Logo_klein-1.png","type":"","width":"","height":""}],"twitter_card":"summary_large_image","schema":{"@context":"https:\/\/schema.org","@graph":[{"@type":"WebPage","@id":"https:\/\/reklame-ufholz.de\/?page_id=331","url":"https:\/\/reklame-ufholz.de\/?page_id=331","name":"Pylone - Reklame Ufholz","isPartOf":{"@id":"https:\/\/reklame-ufholz.de\/#website"},"primaryImageOfPage":{"@id":"https:\/\/reklame-ufholz.de\/?page_id=331#primaryimage"},"image":{"@id":"https:\/\/reklame-ufholz.de\/?page_id=331#primaryimage"},"thumbnailUrl":"https:\/\/reklame-ufholz.de\/wp-content\/uploads\/2020\/02\/Logo_klein-1.png","datePublished":"2020-02-16T16:31:50+00:00","dateModified":"2020-02-29T15:12:50+00:00","breadcrumb":{"@id":"https:\/\/reklame-ufholz.de\/?page_id=331#breadcrumb"},"inLanguage":"de","potentialAction":[{"@type":"ReadAction","target":["https:\/\/reklame-ufholz.de\/?page_id=331"]}]},{"@type":"ImageObject","inLanguage":"de","@id":"https:\/\/reklame-ufholz.de\/?page_id=331#primaryimage","url":"https:\/\/reklame-ufholz.de\/wp-content\/uploads\/2020\/02\/Logo_klein-1.png","contentUrl":"https:\/\/reklame-ufholz.de\/wp-content\/uploads\/2020\/02\/Logo_klein-1.png","width":127,"height":111},{"@type":"BreadcrumbList","@id":"https:\/\/reklame-ufholz.de\/?page_id=331#breadcrumb","itemListElement":[{"@type":"ListItem","position":1,"name":"Startseite","item":"https:\/\/reklame-ufholz.de\/"},{"@type":"ListItem","position":2,"name":"Pylone"}]},{"@type":"WebSite","@id":"https:\/\/reklame-ufholz.de\/#website","url":"https:\/\/reklame-ufholz.de\/","name":"Reklame Ufholz","description":"Ihr Werbetechnik-Partner im Raum Karlsruhe","potentialAction":[{"@type":"SearchAction","target":{"@type":"EntryPoint","urlTemplate":"https:\/\/reklame-ufholz.de\/?s={search_term_string}"},"query-input":{"@type":"PropertyValueSpecification","valueRequired":true,"valueName":"search_term_string"}}],"inLanguage":"de"}]}},"_links":{"self":[{"href":"https:\/\/reklame-ufholz.de\/index.php?rest_route=\/wp\/v2\/pages\/331","targetHints":{"allow":["GET"]}}],"collection":[{"href":"https:\/\/reklame-ufholz.de\/index.php?rest_route=\/wp\/v2\/pages"}],"about":[{"href":"https:\/\/reklame-ufholz.de\/index.php?rest_route=\/wp\/v2\/types\/page"}],"author":[{"embeddable":true,"href":"https:\/\/reklame-ufholz.de\/index.php?rest_route=\/wp\/v2\/users\/1"}],"replies":[{"embeddable":true,"href":"https:\/\/reklame-ufholz.de\/index.php?rest_route=%2Fwp%2Fv2%2Fcomments&post=331"}],"version-history":[{"count":4,"href":"https:\/\/reklame-ufholz.de\/index.php?rest_route=\/wp\/v2\/pages\/331\/revisions"}],"predecessor-version":[{"id":543,"href":"https:\/\/reklame-ufholz.de\/index.php?rest_route=\/wp\/v2\/pages\/331\/revisions\/543"}],"wp:attachment":[{"href":"https:\/\/reklame-ufholz.de\/index.php?rest_route=%2Fwp%2Fv2%2Fmedia&parent=331"}],"curies":[{"name":"wp","href":"https:\/\/api.w.org\/{rel}","templated":true}]}}