{"id":325,"date":"2020-02-16T17:12:45","date_gmt":"2020-02-16T16:12:45","guid":{"rendered":"https:\/\/reklame-ufholz.de\/?page_id=325"},"modified":"2020-02-29T16:18:41","modified_gmt":"2020-02-29T15:18:41","slug":"innenwerbung","status":"publish","type":"page","link":"https:\/\/reklame-ufholz.de\/?page_id=325","title":{"rendered":"Innenwerbung"},"content":{"rendered":"\n\t\t\t\t<a href=\"https:\/\/reklame-ufholz.de\/?page_id=438\" target=\"_self\" itemprop=\"url\" rel=\"noopener noreferrer\">\n\t\t\t\t<img loading=\"lazy\" decoding=\"async\" src=\"https:\/\/reklame-ufholz.de\/wp-content\/uploads\/2020\/02\/Logo_klein-1.png\" alt=\"Logo_klein\" itemprop=\"image\" height=\"111\" width=\"127\" title=\"Logo_klein\" onerror=\"this.style.display='none'\"  \/>\n\t\t\t\t<\/a>\n\t\t\t\t<a href=\"https:\/\/reklame-ufholz.de\/?page_id=438\" target=\"_self\" itemprop=\"url\" rel=\"noopener noreferrer\">\n\t\t\t\t<img loading=\"lazy\" decoding=\"async\" src=\"https:\/\/reklame-ufholz.de\/wp-content\/uploads\/2020\/02\/Schriftzug-1024x85.png\" alt=\"Schriftzug\" itemprop=\"image\" height=\"85\" width=\"1024\" title=\"Schriftzug\" onerror=\"this.style.display='none'\"  \/>\n\t\t\t\t<\/a>\n<h1>\n\t\t<a href=\"#Referenz\" title=\"Innenwerbungen\" target=\"_self\" rel=\"noopener noreferrer\">\n\t\tInnenwerbungen\n\t\t<\/a>\n\t<\/h1>\n\t<p>Geb\u00e4udeleitsysteme und Innenbeschriftungen<\/p>\n\t<p>Geb\u00e4udeleitsysteme helfen Ihren Kunden sich im Geb\u00e4ude zurecht zu finden. Innenbeschriftungen k\u00f6nnen sowohl als Hinweise f\u00fcr Ihre Kunden dienen oder eine besondere Atmosph\u00e4re in Ihren R\u00e4umen schaffen.<\/p>\n<p>Wir beschriften f\u00fcr Sie mit:<\/p>\n<ul>\n<li>\u00a0Folien<\/li>\n<li>\u00a0Digitaldrucken<\/li>\n<li>\u00a0Farben &amp; Lacken<\/li>\n<\/ul>\n<p>&nbsp;<\/p>\n\t\t<h3>Sie haben Fragen? Kontaktieren Sie uns!<\/h3>\n\t\t\t<a href=\"https:\/\/reklame-ufholz.de\/?page_id=18\" target=\"_self\" role=\"button\" rel=\"noopener noreferrer\">\n\t\t\t\t\t\tKontakt aufnehmen\n\t\t\t\t\t<\/a>\n","protected":false},"excerpt":{"rendered":"<p>Innenwerbungen Geb\u00e4udeleitsysteme und Innenbeschriftungen Geb\u00e4udeleitsysteme helfen Ihren Kunden sich im Geb\u00e4ude zurecht zu finden. Innenbeschriftungen k\u00f6nnen sowohl als Hinweise f\u00fcr Ihre Kunden dienen oder eine besondere Atmosph\u00e4re in Ihren R\u00e4umen schaffen. Wir beschriften f\u00fcr Sie mit: \u00a0Folien \u00a0Digitaldrucken \u00a0Farben &amp; Lacken &nbsp; Sie haben Fragen? Kontaktieren Sie uns! Kontakt aufnehmen<\/p>\n","protected":false},"author":1,"featured_media":0,"parent":0,"menu_order":0,"comment_status":"closed","ping_status":"closed","template":"tpl-no-header-footer.php","meta":{"footnotes":""},"class_list":["post-325","page","type-page","status-publish","hentry"],"yoast_head":"<!-- This site is optimized with the Yoast SEO plugin v26.3 - https:\/\/yoast.com\/wordpress\/plugins\/seo\/ -->\n<title>Innenwerbung - Reklame Ufholz<\/title>\n<meta name=\"robots\" content=\"index, follow, max-snippet:-1, max-image-preview:large, max-video-preview:-1\" \/>\n<link rel=\"canonical\" href=\"https:\/\/reklame-ufholz.de\/?page_id=325\" \/>\n<meta property=\"og:locale\" content=\"de_DE\" \/>\n<meta property=\"og:type\" content=\"article\" \/>\n<meta property=\"og:title\" content=\"Innenwerbung - Reklame Ufholz\" \/>\n<meta property=\"og:description\" content=\"Innenwerbungen Geb\u00e4udeleitsysteme und Innenbeschriftungen Geb\u00e4udeleitsysteme helfen Ihren Kunden sich im Geb\u00e4ude zurecht zu finden. Innenbeschriftungen k\u00f6nnen sowohl als Hinweise f\u00fcr Ihre Kunden dienen oder eine besondere Atmosph\u00e4re in Ihren R\u00e4umen schaffen. Wir beschriften f\u00fcr Sie mit: \u00a0Folien \u00a0Digitaldrucken \u00a0Farben &amp; Lacken &nbsp; Sie haben Fragen? Kontaktieren Sie uns! Kontakt aufnehmen\" \/>\n<meta property=\"og:url\" content=\"https:\/\/reklame-ufholz.de\/?page_id=325\" \/>\n<meta property=\"og:site_name\" content=\"Reklame Ufholz\" \/>\n<meta property=\"article:modified_time\" content=\"2020-02-29T15:18:41+00:00\" \/>\n<meta property=\"og:image\" content=\"https:\/\/reklame-ufholz.de\/wp-content\/uploads\/2020\/02\/Logo_klein-1.png\" \/>\n<meta name=\"twitter:card\" content=\"summary_large_image\" \/>\n<script type=\"application\/ld+json\" class=\"yoast-schema-graph\">{\"@context\":\"https:\/\/schema.org\",\"@graph\":[{\"@type\":\"WebPage\",\"@id\":\"https:\/\/reklame-ufholz.de\/?page_id=325\",\"url\":\"https:\/\/reklame-ufholz.de\/?page_id=325\",\"name\":\"Innenwerbung - Reklame Ufholz\",\"isPartOf\":{\"@id\":\"https:\/\/reklame-ufholz.de\/#website\"},\"primaryImageOfPage\":{\"@id\":\"https:\/\/reklame-ufholz.de\/?page_id=325#primaryimage\"},\"image\":{\"@id\":\"https:\/\/reklame-ufholz.de\/?page_id=325#primaryimage\"},\"thumbnailUrl\":\"https:\/\/reklame-ufholz.de\/wp-content\/uploads\/2020\/02\/Logo_klein-1.png\",\"datePublished\":\"2020-02-16T16:12:45+00:00\",\"dateModified\":\"2020-02-29T15:18:41+00:00\",\"breadcrumb\":{\"@id\":\"https:\/\/reklame-ufholz.de\/?page_id=325#breadcrumb\"},\"inLanguage\":\"de\",\"potentialAction\":[{\"@type\":\"ReadAction\",\"target\":[\"https:\/\/reklame-ufholz.de\/?page_id=325\"]}]},{\"@type\":\"ImageObject\",\"inLanguage\":\"de\",\"@id\":\"https:\/\/reklame-ufholz.de\/?page_id=325#primaryimage\",\"url\":\"https:\/\/reklame-ufholz.de\/wp-content\/uploads\/2020\/02\/Logo_klein-1.png\",\"contentUrl\":\"https:\/\/reklame-ufholz.de\/wp-content\/uploads\/2020\/02\/Logo_klein-1.png\",\"width\":127,\"height\":111},{\"@type\":\"BreadcrumbList\",\"@id\":\"https:\/\/reklame-ufholz.de\/?page_id=325#breadcrumb\",\"itemListElement\":[{\"@type\":\"ListItem\",\"position\":1,\"name\":\"Startseite\",\"item\":\"https:\/\/reklame-ufholz.de\/\"},{\"@type\":\"ListItem\",\"position\":2,\"name\":\"Innenwerbung\"}]},{\"@type\":\"WebSite\",\"@id\":\"https:\/\/reklame-ufholz.de\/#website\",\"url\":\"https:\/\/reklame-ufholz.de\/\",\"name\":\"Reklame Ufholz\",\"description\":\"Ihr Werbetechnik-Partner im Raum Karlsruhe\",\"potentialAction\":[{\"@type\":\"SearchAction\",\"target\":{\"@type\":\"EntryPoint\",\"urlTemplate\":\"https:\/\/reklame-ufholz.de\/?s={search_term_string}\"},\"query-input\":{\"@type\":\"PropertyValueSpecification\",\"valueRequired\":true,\"valueName\":\"search_term_string\"}}],\"inLanguage\":\"de\"}]}<\/script>\n<!-- \/ Yoast SEO plugin. -->","yoast_head_json":{"title":"Innenwerbung - Reklame Ufholz","robots":{"index":"index","follow":"follow","max-snippet":"max-snippet:-1","max-image-preview":"max-image-preview:large","max-video-preview":"max-video-preview:-1"},"canonical":"https:\/\/reklame-ufholz.de\/?page_id=325","og_locale":"de_DE","og_type":"article","og_title":"Innenwerbung - Reklame Ufholz","og_description":"Innenwerbungen Geb\u00e4udeleitsysteme und Innenbeschriftungen Geb\u00e4udeleitsysteme helfen Ihren Kunden sich im Geb\u00e4ude zurecht zu finden. Innenbeschriftungen k\u00f6nnen sowohl als Hinweise f\u00fcr Ihre Kunden dienen oder eine besondere Atmosph\u00e4re in Ihren R\u00e4umen schaffen. Wir beschriften f\u00fcr Sie mit: \u00a0Folien \u00a0Digitaldrucken \u00a0Farben &amp; Lacken &nbsp; Sie haben Fragen? Kontaktieren Sie uns! Kontakt aufnehmen","og_url":"https:\/\/reklame-ufholz.de\/?page_id=325","og_site_name":"Reklame Ufholz","article_modified_time":"2020-02-29T15:18:41+00:00","og_image":[{"url":"https:\/\/reklame-ufholz.de\/wp-content\/uploads\/2020\/02\/Logo_klein-1.png","type":"","width":"","height":""}],"twitter_card":"summary_large_image","schema":{"@context":"https:\/\/schema.org","@graph":[{"@type":"WebPage","@id":"https:\/\/reklame-ufholz.de\/?page_id=325","url":"https:\/\/reklame-ufholz.de\/?page_id=325","name":"Innenwerbung - Reklame Ufholz","isPartOf":{"@id":"https:\/\/reklame-ufholz.de\/#website"},"primaryImageOfPage":{"@id":"https:\/\/reklame-ufholz.de\/?page_id=325#primaryimage"},"image":{"@id":"https:\/\/reklame-ufholz.de\/?page_id=325#primaryimage"},"thumbnailUrl":"https:\/\/reklame-ufholz.de\/wp-content\/uploads\/2020\/02\/Logo_klein-1.png","datePublished":"2020-02-16T16:12:45+00:00","dateModified":"2020-02-29T15:18:41+00:00","breadcrumb":{"@id":"https:\/\/reklame-ufholz.de\/?page_id=325#breadcrumb"},"inLanguage":"de","potentialAction":[{"@type":"ReadAction","target":["https:\/\/reklame-ufholz.de\/?page_id=325"]}]},{"@type":"ImageObject","inLanguage":"de","@id":"https:\/\/reklame-ufholz.de\/?page_id=325#primaryimage","url":"https:\/\/reklame-ufholz.de\/wp-content\/uploads\/2020\/02\/Logo_klein-1.png","contentUrl":"https:\/\/reklame-ufholz.de\/wp-content\/uploads\/2020\/02\/Logo_klein-1.png","width":127,"height":111},{"@type":"BreadcrumbList","@id":"https:\/\/reklame-ufholz.de\/?page_id=325#breadcrumb","itemListElement":[{"@type":"ListItem","position":1,"name":"Startseite","item":"https:\/\/reklame-ufholz.de\/"},{"@type":"ListItem","position":2,"name":"Innenwerbung"}]},{"@type":"WebSite","@id":"https:\/\/reklame-ufholz.de\/#website","url":"https:\/\/reklame-ufholz.de\/","name":"Reklame Ufholz","description":"Ihr Werbetechnik-Partner im Raum Karlsruhe","potentialAction":[{"@type":"SearchAction","target":{"@type":"EntryPoint","urlTemplate":"https:\/\/reklame-ufholz.de\/?s={search_term_string}"},"query-input":{"@type":"PropertyValueSpecification","valueRequired":true,"valueName":"search_term_string"}}],"inLanguage":"de"}]}},"_links":{"self":[{"href":"https:\/\/reklame-ufholz.de\/index.php?rest_route=\/wp\/v2\/pages\/325","targetHints":{"allow":["GET"]}}],"collection":[{"href":"https:\/\/reklame-ufholz.de\/index.php?rest_route=\/wp\/v2\/pages"}],"about":[{"href":"https:\/\/reklame-ufholz.de\/index.php?rest_route=\/wp\/v2\/types\/page"}],"author":[{"embeddable":true,"href":"https:\/\/reklame-ufholz.de\/index.php?rest_route=\/wp\/v2\/users\/1"}],"replies":[{"embeddable":true,"href":"https:\/\/reklame-ufholz.de\/index.php?rest_route=%2Fwp%2Fv2%2Fcomments&post=325"}],"version-history":[{"count":4,"href":"https:\/\/reklame-ufholz.de\/index.php?rest_route=\/wp\/v2\/pages\/325\/revisions"}],"predecessor-version":[{"id":544,"href":"https:\/\/reklame-ufholz.de\/index.php?rest_route=\/wp\/v2\/pages\/325\/revisions\/544"}],"wp:attachment":[{"href":"https:\/\/reklame-ufholz.de\/index.php?rest_route=%2Fwp%2Fv2%2Fmedia&parent=325"}],"curies":[{"name":"wp","href":"https:\/\/api.w.org\/{rel}","templated":true}]}}