{"id":308,"date":"2020-02-16T12:05:01","date_gmt":"2020-02-16T11:05:01","guid":{"rendered":"https:\/\/reklame-ufholz.de\/?page_id=308"},"modified":"2020-02-29T15:47:53","modified_gmt":"2020-02-29T14:47:53","slug":"fassadenbeschriftungen","status":"publish","type":"page","link":"https:\/\/reklame-ufholz.de\/?page_id=308","title":{"rendered":"Fassadenbeschriftungen"},"content":{"rendered":"\n\t\t\t\t<a href=\"https:\/\/reklame-ufholz.de\/?page_id=438\" target=\"_self\" itemprop=\"url\" rel=\"noopener noreferrer\">\n\t\t\t\t<img loading=\"lazy\" decoding=\"async\" src=\"https:\/\/reklame-ufholz.de\/wp-content\/uploads\/2020\/02\/Logo_klein-1.png\" alt=\"Logo_klein\" itemprop=\"image\" height=\"111\" width=\"127\" title=\"Logo_klein\" onerror=\"this.style.display='none'\"  \/>\n\t\t\t\t<\/a>\n\t\t\t\t<a href=\"https:\/\/reklame-ufholz.de\/?page_id=438\" target=\"_self\" itemprop=\"url\" rel=\"noopener noreferrer\">\n\t\t\t\t<img loading=\"lazy\" decoding=\"async\" src=\"https:\/\/reklame-ufholz.de\/wp-content\/uploads\/2020\/02\/Schriftzug-1024x85.png\" alt=\"Schriftzug\" itemprop=\"image\" height=\"85\" width=\"1024\" title=\"Schriftzug\" onerror=\"this.style.display='none'\"  \/>\n\t\t\t\t<\/a>\n<h1>\n\t\t<a href=\"#Referenz\" title=\"Fassadenbeschriftungen\" target=\"_self\" rel=\"noopener noreferrer\">\n\t\tFassadenbeschriftungen\n\t\t<\/a>\n\t<\/h1>\n\t<p>Durch die Farbgestaltung und das Design entsteht eine einpr\u00e4gsame Optik und Ihre Geb\u00e4udefassade wird damit zum Hingucker.<\/p>\n<p>&nbsp;<\/p>\n<p>Wir beschriften f\u00fcr Sie mit:<\/p>\n<ul>\n<li>\u00a0Spezielle Fassadenfarben \/ Volltonfarben f\u00fcr verputze Fassaden oder gestrichene Betonfassaden<\/li>\n<li>\u00a0Folien und Lacke f\u00fcr verkleidete, glatte Fassaden<\/li>\n<\/ul>\n<p>&nbsp;<\/p>\n\t<h1>Referenzbeispiele<\/h1>\n\t\t\t\t<img loading=\"lazy\" decoding=\"async\" src=\"https:\/\/reklame-ufholz.de\/wp-content\/uploads\/2020\/02\/IMG_7088-scaled.jpg\" alt=\"IMG_7088\" itemprop=\"image\" height=\"2560\" width=\"1920\" title=\"IMG_7088\" onerror=\"this.style.display='none'\"  \/>\n\t\t\t\t<img loading=\"lazy\" decoding=\"async\" src=\"https:\/\/reklame-ufholz.de\/wp-content\/uploads\/2020\/02\/IMG_7087-scaled.jpg\" alt=\"IMG_7087\" itemprop=\"image\" height=\"2560\" width=\"1920\" title=\"IMG_7087\" onerror=\"this.style.display='none'\"  \/>\n\t\t\t\t<img loading=\"lazy\" decoding=\"async\" src=\"https:\/\/reklame-ufholz.de\/wp-content\/uploads\/2020\/01\/Fassade_Stadtmission_Pforzheim_PICT2033a-scaled.jpg\" alt=\"KONICA MINOLTA DIGITAL CAMERA\" itemprop=\"image\" height=\"2560\" width=\"1920\" title=\"KONICA MINOLTA DIGITAL CAMERA\" onerror=\"this.style.display='none'\"  \/>\n\t\t\t\t<img loading=\"lazy\" decoding=\"async\" src=\"https:\/\/reklame-ufholz.de\/wp-content\/uploads\/2020\/02\/IMG_7096-scaled.jpg\" alt=\"IMG_7096\" itemprop=\"image\" height=\"2560\" width=\"1920\" title=\"IMG_7096\" onerror=\"this.style.display='none'\"  \/>\n\t\t\t\t<img loading=\"lazy\" decoding=\"async\" src=\"https:\/\/reklame-ufholz.de\/wp-content\/uploads\/2020\/02\/IMG_7098-1-scaled.jpg\" alt=\"IMG_7098\" itemprop=\"image\" height=\"2560\" width=\"1920\" title=\"IMG_7098\" onerror=\"this.style.display='none'\"  \/>\n\t\t\t\t<img loading=\"lazy\" decoding=\"async\" src=\"https:\/\/reklame-ufholz.de\/wp-content\/uploads\/2020\/02\/Tiefgarage_Rieger_20200222_154558-scaled.jpg\" alt=\"Tiefgarage_Rieger_20200222_154558\" itemprop=\"image\" height=\"1920\" width=\"2560\" title=\"Tiefgarage_Rieger_20200222_154558\" onerror=\"this.style.display='none'\"  \/>\n\t\t\t\t<img loading=\"lazy\" decoding=\"async\" src=\"https:\/\/reklame-ufholz.de\/wp-content\/uploads\/2020\/02\/Tiefgarage_Rieger_20200222_154720-scaled.jpg\" alt=\"Tiefgarage_Rieger_20200222_154720\" itemprop=\"image\" height=\"1288\" width=\"2560\" title=\"Tiefgarage_Rieger_20200222_154720\" onerror=\"this.style.display='none'\"  \/>\n\t\t\t\t<img loading=\"lazy\" decoding=\"async\" src=\"https:\/\/reklame-ufholz.de\/wp-content\/uploads\/2020\/01\/DSC06726-scaled.jpg\" alt=\"DSC06726\" itemprop=\"image\" height=\"1913\" width=\"2560\" title=\"DSC06726\" onerror=\"this.style.display='none'\"  \/>\n\t\t\t\t<img loading=\"lazy\" decoding=\"async\" src=\"https:\/\/reklame-ufholz.de\/wp-content\/uploads\/2020\/02\/PICT6729-scaled.jpg\" alt=\"KONICA MINOLTA DIGITAL CAMERA\" itemprop=\"image\" height=\"1920\" width=\"2560\" title=\"KONICA MINOLTA DIGITAL CAMERA\" onerror=\"this.style.display='none'\"  \/>\n\t\t\t\t<img loading=\"lazy\" decoding=\"async\" src=\"https:\/\/reklame-ufholz.de\/wp-content\/uploads\/2020\/02\/IMG_7092-scaled.jpg\" alt=\"IMG_7092\" itemprop=\"image\" height=\"2560\" width=\"1920\" title=\"IMG_7092\" onerror=\"this.style.display='none'\"  \/>\n\t\t\t\t<img loading=\"lazy\" decoding=\"async\" src=\"https:\/\/reklame-ufholz.de\/wp-content\/uploads\/2020\/02\/IMG_7086-1-scaled.jpg\" alt=\"IMG_7086\" itemprop=\"image\" height=\"2560\" width=\"1920\" title=\"IMG_7086\" onerror=\"this.style.display='none'\"  \/>\n\t\t\t\t<img loading=\"lazy\" decoding=\"async\" src=\"https:\/\/reklame-ufholz.de\/wp-content\/uploads\/2020\/01\/Fassade_Stadtmission_Pforzheim_PICT2034a-scaled.jpg\" alt=\"KONICA MINOLTA DIGITAL CAMERA\" itemprop=\"image\" height=\"2560\" width=\"1920\" title=\"KONICA MINOLTA DIGITAL CAMERA\" onerror=\"this.style.display='none'\"  \/>\n\t\t\t\t<img loading=\"lazy\" decoding=\"async\" src=\"https:\/\/reklame-ufholz.de\/wp-content\/uploads\/2020\/02\/IMG_7099-scaled.jpg\" alt=\"IMG_7099\" itemprop=\"image\" height=\"2560\" width=\"1920\" title=\"IMG_7099\" onerror=\"this.style.display='none'\"  \/>\n\t\t\t\t<img loading=\"lazy\" decoding=\"async\" src=\"https:\/\/reklame-ufholz.de\/wp-content\/uploads\/2020\/01\/PICT3448-scaled.jpg\" alt=\"KONICA MINOLTA DIGITAL CAMERA\" itemprop=\"image\" height=\"1920\" width=\"2560\" title=\"KONICA MINOLTA DIGITAL CAMERA\" onerror=\"this.style.display='none'\"  \/>\n\t\t\t\t<img loading=\"lazy\" decoding=\"async\" src=\"https:\/\/reklame-ufholz.de\/wp-content\/uploads\/2020\/02\/IMG_7107-scaled.jpg\" alt=\"IMG_7107\" itemprop=\"image\" height=\"1920\" width=\"2560\" title=\"IMG_7107\" onerror=\"this.style.display='none'\"  \/>\n\t\t\t\t<img loading=\"lazy\" decoding=\"async\" src=\"https:\/\/reklame-ufholz.de\/wp-content\/uploads\/2020\/02\/IMG_7104-scaled.jpg\" alt=\"IMG_7104\" itemprop=\"image\" height=\"1920\" width=\"2560\" title=\"IMG_7104\" onerror=\"this.style.display='none'\"  \/>\n\t\t\t\t<img loading=\"lazy\" decoding=\"async\" src=\"https:\/\/reklame-ufholz.de\/wp-content\/uploads\/2020\/02\/IMG_7103-2-scaled.jpg\" alt=\"IMG_7103\" itemprop=\"image\" height=\"1361\" width=\"2560\" title=\"IMG_7103\" onerror=\"this.style.display='none'\"  \/>\n\t\t\t\t<img loading=\"lazy\" decoding=\"async\" src=\"https:\/\/reklame-ufholz.de\/wp-content\/uploads\/2020\/02\/PICT6731-scaled.jpg\" alt=\"KONICA MINOLTA DIGITAL CAMERA\" itemprop=\"image\" height=\"1920\" width=\"2560\" title=\"KONICA MINOLTA DIGITAL CAMERA\" onerror=\"this.style.display='none'\"  \/>\n\t\t\t\t<img loading=\"lazy\" decoding=\"async\" src=\"https:\/\/reklame-ufholz.de\/wp-content\/uploads\/2020\/01\/20190319_165255-scaled.jpg\" alt=\"20190319_165255\" itemprop=\"image\" height=\"1920\" width=\"2560\" title=\"20190319_165255\" onerror=\"this.style.display='none'\"  \/>\n\t\t\t\t<img loading=\"lazy\" decoding=\"async\" src=\"https:\/\/reklame-ufholz.de\/wp-content\/uploads\/2020\/02\/ZWO-Fassade-formatiert.jpg\" alt=\"ZWO Fassade formatiert\" itemprop=\"image\" height=\"690\" width=\"1500\" title=\"ZWO Fassade formatiert\" onerror=\"this.style.display='none'\"  \/>\n\t\t<h3>Sie haben Fragen? Kontaktieren Sie uns!<\/h3>\n\t\t\t<a href=\"https:\/\/reklame-ufholz.de\/?page_id=18\" target=\"_self\" role=\"button\" rel=\"noopener noreferrer\">\n\t\t\t\t\t\tKontakt aufnehmen\n\t\t\t\t\t<\/a>\n","protected":false},"excerpt":{"rendered":"<p>Fassadenbeschriftungen Durch die Farbgestaltung und das Design entsteht eine einpr\u00e4gsame Optik und Ihre Geb\u00e4udefassade wird damit zum Hingucker. &nbsp; Wir beschriften f\u00fcr Sie mit: \u00a0Spezielle Fassadenfarben \/ Volltonfarben f\u00fcr verputze Fassaden oder gestrichene Betonfassaden \u00a0Folien und Lacke f\u00fcr verkleidete, glatte Fassaden &nbsp; Referenzbeispiele Sie haben Fragen? Kontaktieren Sie uns! Kontakt aufnehmen<\/p>\n","protected":false},"author":1,"featured_media":0,"parent":0,"menu_order":0,"comment_status":"closed","ping_status":"closed","template":"tpl-no-header-footer.php","meta":{"footnotes":""},"class_list":["post-308","page","type-page","status-publish","hentry"],"yoast_head":"<!-- This site is optimized with the Yoast SEO plugin v26.3 - https:\/\/yoast.com\/wordpress\/plugins\/seo\/ -->\n<title>Fassadenbeschriftungen - Reklame Ufholz<\/title>\n<meta name=\"robots\" content=\"index, follow, max-snippet:-1, max-image-preview:large, max-video-preview:-1\" \/>\n<link rel=\"canonical\" href=\"https:\/\/reklame-ufholz.de\/?page_id=308\" \/>\n<meta property=\"og:locale\" content=\"de_DE\" \/>\n<meta property=\"og:type\" content=\"article\" \/>\n<meta property=\"og:title\" content=\"Fassadenbeschriftungen - Reklame Ufholz\" \/>\n<meta property=\"og:description\" content=\"Fassadenbeschriftungen Durch die Farbgestaltung und das Design entsteht eine einpr\u00e4gsame Optik und Ihre Geb\u00e4udefassade wird damit zum Hingucker. &nbsp; Wir beschriften f\u00fcr Sie mit: \u00a0Spezielle Fassadenfarben \/ Volltonfarben f\u00fcr verputze Fassaden oder gestrichene Betonfassaden \u00a0Folien und Lacke f\u00fcr verkleidete, glatte Fassaden &nbsp; Referenzbeispiele Sie haben Fragen? Kontaktieren Sie uns! Kontakt aufnehmen\" \/>\n<meta property=\"og:url\" content=\"https:\/\/reklame-ufholz.de\/?page_id=308\" \/>\n<meta property=\"og:site_name\" content=\"Reklame Ufholz\" \/>\n<meta property=\"article:modified_time\" content=\"2020-02-29T14:47:53+00:00\" \/>\n<meta property=\"og:image\" content=\"https:\/\/reklame-ufholz.de\/wp-content\/uploads\/2020\/02\/Logo_klein-1.png\" \/>\n<meta name=\"twitter:card\" content=\"summary_large_image\" \/>\n<script type=\"application\/ld+json\" class=\"yoast-schema-graph\">{\"@context\":\"https:\/\/schema.org\",\"@graph\":[{\"@type\":\"WebPage\",\"@id\":\"https:\/\/reklame-ufholz.de\/?page_id=308\",\"url\":\"https:\/\/reklame-ufholz.de\/?page_id=308\",\"name\":\"Fassadenbeschriftungen - Reklame Ufholz\",\"isPartOf\":{\"@id\":\"https:\/\/reklame-ufholz.de\/#website\"},\"primaryImageOfPage\":{\"@id\":\"https:\/\/reklame-ufholz.de\/?page_id=308#primaryimage\"},\"image\":{\"@id\":\"https:\/\/reklame-ufholz.de\/?page_id=308#primaryimage\"},\"thumbnailUrl\":\"https:\/\/reklame-ufholz.de\/wp-content\/uploads\/2020\/02\/Logo_klein-1.png\",\"datePublished\":\"2020-02-16T11:05:01+00:00\",\"dateModified\":\"2020-02-29T14:47:53+00:00\",\"breadcrumb\":{\"@id\":\"https:\/\/reklame-ufholz.de\/?page_id=308#breadcrumb\"},\"inLanguage\":\"de\",\"potentialAction\":[{\"@type\":\"ReadAction\",\"target\":[\"https:\/\/reklame-ufholz.de\/?page_id=308\"]}]},{\"@type\":\"ImageObject\",\"inLanguage\":\"de\",\"@id\":\"https:\/\/reklame-ufholz.de\/?page_id=308#primaryimage\",\"url\":\"https:\/\/reklame-ufholz.de\/wp-content\/uploads\/2020\/02\/Logo_klein-1.png\",\"contentUrl\":\"https:\/\/reklame-ufholz.de\/wp-content\/uploads\/2020\/02\/Logo_klein-1.png\",\"width\":127,\"height\":111},{\"@type\":\"BreadcrumbList\",\"@id\":\"https:\/\/reklame-ufholz.de\/?page_id=308#breadcrumb\",\"itemListElement\":[{\"@type\":\"ListItem\",\"position\":1,\"name\":\"Startseite\",\"item\":\"https:\/\/reklame-ufholz.de\/\"},{\"@type\":\"ListItem\",\"position\":2,\"name\":\"Fassadenbeschriftungen\"}]},{\"@type\":\"WebSite\",\"@id\":\"https:\/\/reklame-ufholz.de\/#website\",\"url\":\"https:\/\/reklame-ufholz.de\/\",\"name\":\"Reklame Ufholz\",\"description\":\"Ihr Werbetechnik-Partner im Raum Karlsruhe\",\"potentialAction\":[{\"@type\":\"SearchAction\",\"target\":{\"@type\":\"EntryPoint\",\"urlTemplate\":\"https:\/\/reklame-ufholz.de\/?s={search_term_string}\"},\"query-input\":{\"@type\":\"PropertyValueSpecification\",\"valueRequired\":true,\"valueName\":\"search_term_string\"}}],\"inLanguage\":\"de\"}]}<\/script>\n<!-- \/ Yoast SEO plugin. -->","yoast_head_json":{"title":"Fassadenbeschriftungen - Reklame Ufholz","robots":{"index":"index","follow":"follow","max-snippet":"max-snippet:-1","max-image-preview":"max-image-preview:large","max-video-preview":"max-video-preview:-1"},"canonical":"https:\/\/reklame-ufholz.de\/?page_id=308","og_locale":"de_DE","og_type":"article","og_title":"Fassadenbeschriftungen - Reklame Ufholz","og_description":"Fassadenbeschriftungen Durch die Farbgestaltung und das Design entsteht eine einpr\u00e4gsame Optik und Ihre Geb\u00e4udefassade wird damit zum Hingucker. &nbsp; Wir beschriften f\u00fcr Sie mit: \u00a0Spezielle Fassadenfarben \/ Volltonfarben f\u00fcr verputze Fassaden oder gestrichene Betonfassaden \u00a0Folien und Lacke f\u00fcr verkleidete, glatte Fassaden &nbsp; Referenzbeispiele Sie haben Fragen? Kontaktieren Sie uns! Kontakt aufnehmen","og_url":"https:\/\/reklame-ufholz.de\/?page_id=308","og_site_name":"Reklame Ufholz","article_modified_time":"2020-02-29T14:47:53+00:00","og_image":[{"url":"https:\/\/reklame-ufholz.de\/wp-content\/uploads\/2020\/02\/Logo_klein-1.png","type":"","width":"","height":""}],"twitter_card":"summary_large_image","schema":{"@context":"https:\/\/schema.org","@graph":[{"@type":"WebPage","@id":"https:\/\/reklame-ufholz.de\/?page_id=308","url":"https:\/\/reklame-ufholz.de\/?page_id=308","name":"Fassadenbeschriftungen - Reklame Ufholz","isPartOf":{"@id":"https:\/\/reklame-ufholz.de\/#website"},"primaryImageOfPage":{"@id":"https:\/\/reklame-ufholz.de\/?page_id=308#primaryimage"},"image":{"@id":"https:\/\/reklame-ufholz.de\/?page_id=308#primaryimage"},"thumbnailUrl":"https:\/\/reklame-ufholz.de\/wp-content\/uploads\/2020\/02\/Logo_klein-1.png","datePublished":"2020-02-16T11:05:01+00:00","dateModified":"2020-02-29T14:47:53+00:00","breadcrumb":{"@id":"https:\/\/reklame-ufholz.de\/?page_id=308#breadcrumb"},"inLanguage":"de","potentialAction":[{"@type":"ReadAction","target":["https:\/\/reklame-ufholz.de\/?page_id=308"]}]},{"@type":"ImageObject","inLanguage":"de","@id":"https:\/\/reklame-ufholz.de\/?page_id=308#primaryimage","url":"https:\/\/reklame-ufholz.de\/wp-content\/uploads\/2020\/02\/Logo_klein-1.png","contentUrl":"https:\/\/reklame-ufholz.de\/wp-content\/uploads\/2020\/02\/Logo_klein-1.png","width":127,"height":111},{"@type":"BreadcrumbList","@id":"https:\/\/reklame-ufholz.de\/?page_id=308#breadcrumb","itemListElement":[{"@type":"ListItem","position":1,"name":"Startseite","item":"https:\/\/reklame-ufholz.de\/"},{"@type":"ListItem","position":2,"name":"Fassadenbeschriftungen"}]},{"@type":"WebSite","@id":"https:\/\/reklame-ufholz.de\/#website","url":"https:\/\/reklame-ufholz.de\/","name":"Reklame Ufholz","description":"Ihr Werbetechnik-Partner im Raum Karlsruhe","potentialAction":[{"@type":"SearchAction","target":{"@type":"EntryPoint","urlTemplate":"https:\/\/reklame-ufholz.de\/?s={search_term_string}"},"query-input":{"@type":"PropertyValueSpecification","valueRequired":true,"valueName":"search_term_string"}}],"inLanguage":"de"}]}},"_links":{"self":[{"href":"https:\/\/reklame-ufholz.de\/index.php?rest_route=\/wp\/v2\/pages\/308","targetHints":{"allow":["GET"]}}],"collection":[{"href":"https:\/\/reklame-ufholz.de\/index.php?rest_route=\/wp\/v2\/pages"}],"about":[{"href":"https:\/\/reklame-ufholz.de\/index.php?rest_route=\/wp\/v2\/types\/page"}],"author":[{"embeddable":true,"href":"https:\/\/reklame-ufholz.de\/index.php?rest_route=\/wp\/v2\/users\/1"}],"replies":[{"embeddable":true,"href":"https:\/\/reklame-ufholz.de\/index.php?rest_route=%2Fwp%2Fv2%2Fcomments&post=308"}],"version-history":[{"count":10,"href":"https:\/\/reklame-ufholz.de\/index.php?rest_route=\/wp\/v2\/pages\/308\/revisions"}],"predecessor-version":[{"id":537,"href":"https:\/\/reklame-ufholz.de\/index.php?rest_route=\/wp\/v2\/pages\/308\/revisions\/537"}],"wp:attachment":[{"href":"https:\/\/reklame-ufholz.de\/index.php?rest_route=%2Fwp%2Fv2%2Fmedia&parent=308"}],"curies":[{"name":"wp","href":"https:\/\/api.w.org\/{rel}","templated":true}]}}