{"id":303,"date":"2020-02-16T11:54:24","date_gmt":"2020-02-16T10:54:24","guid":{"rendered":"https:\/\/reklame-ufholz.de\/?page_id=303"},"modified":"2020-02-29T15:29:53","modified_gmt":"2020-02-29T14:29:53","slug":"schilder-werbetafeln","status":"publish","type":"page","link":"https:\/\/reklame-ufholz.de\/?page_id=303","title":{"rendered":"Schilder &#038; Werbetafeln"},"content":{"rendered":"\n\t\t\t\t<a href=\"https:\/\/reklame-ufholz.de\/?page_id=438\" target=\"_self\" itemprop=\"url\" rel=\"noopener noreferrer\">\n\t\t\t\t<img loading=\"lazy\" decoding=\"async\" src=\"https:\/\/reklame-ufholz.de\/wp-content\/uploads\/2020\/02\/Logo_klein-1.png\" alt=\"Logo_klein\" itemprop=\"image\" height=\"111\" width=\"127\" title=\"Logo_klein\" onerror=\"this.style.display='none'\"  \/>\n\t\t\t\t<\/a>\n\t\t\t\t<a href=\"https:\/\/reklame-ufholz.de\/?page_id=438\" target=\"_self\" itemprop=\"url\" rel=\"noopener noreferrer\">\n\t\t\t\t<img loading=\"lazy\" decoding=\"async\" src=\"https:\/\/reklame-ufholz.de\/wp-content\/uploads\/2020\/02\/Schriftzug-1024x85.png\" alt=\"Schriftzug\" itemprop=\"image\" height=\"85\" width=\"1024\" title=\"Schriftzug\" onerror=\"this.style.display='none'\"  \/>\n\t\t\t\t<\/a>\n<h1>\n\t\t<a href=\"#Referenz\" title=\"Schilder &amp; Werbetafeln\" target=\"_self\" rel=\"noopener noreferrer\">\n\t\tSchilder &#038; Werbetafeln\n\t\t<\/a>\n\t<\/h1>\n\t<p>Werbeschilder, Bauschilder, Hinweisschilder, Sportplatzschilder, Verbotsschilder und vieles mehr.<\/p>\n\t<p>Schilder leiten Kunden erfolgreich zu Ihrem Unternehmen und repr\u00e4sentieren es vor Ort. Des Weiteren haben Sie die M\u00f6glichkeit mit Schildern an weiteren Orten wie z.B. Sportpl\u00e4tzen auf Ihr Unternehmen aufmerksam zu machen.<\/p>\n<p>Wir fertigen Schilder aus:<\/p>\n<ul>\n<li>\u00a0Aluminium<\/li>\n<li>\u00a0Aluminiumverbundplatten<\/li>\n<li>\u00a0Acrylglas<\/li>\n<li>\u00a0Kunststoff z.B. Hartschaum<\/li>\n<li>\u00a0Stahlblech<\/li>\n<\/ul>\n<p>Wir beschriften f\u00fcr Sie mit:<\/p>\n<ul>\n<li>Folien<\/li>\n<li>Digitaldrucken<\/li>\n<li>Farben &amp; Lacken<\/li>\n<\/ul>\n<p>&nbsp;<\/p>\n\t<h1>Referenzbeispiele<\/h1>\n\t\t\t\t<img loading=\"lazy\" decoding=\"async\" src=\"https:\/\/reklame-ufholz.de\/wp-content\/uploads\/2020\/01\/DSC06720-scaled.jpg\" alt=\"DSC06720\" itemprop=\"image\" height=\"1419\" width=\"2560\" title=\"DSC06720\" onerror=\"this.style.display='none'\"  \/>\n\t\t\t\t<img loading=\"lazy\" decoding=\"async\" src=\"https:\/\/reklame-ufholz.de\/wp-content\/uploads\/2020\/01\/DSC_0027-scaled.jpg\" alt=\"DSC_0027\" itemprop=\"image\" height=\"2560\" width=\"1700\" title=\"DSC_0027\" onerror=\"this.style.display='none'\"  \/>\n\t\t\t\t<img loading=\"lazy\" decoding=\"async\" src=\"https:\/\/reklame-ufholz.de\/wp-content\/uploads\/2020\/01\/PICT3438-scaled.jpg\" alt=\"KONICA MINOLTA DIGITAL CAMERA\" itemprop=\"image\" height=\"1920\" width=\"2560\" title=\"KONICA MINOLTA DIGITAL CAMERA\" onerror=\"this.style.display='none'\"  \/>\n\t\t\t\t<img loading=\"lazy\" decoding=\"async\" src=\"https:\/\/reklame-ufholz.de\/wp-content\/uploads\/2020\/01\/PICT3443-scaled.jpg\" alt=\"KONICA MINOLTA DIGITAL CAMERA\" itemprop=\"image\" height=\"1920\" width=\"2560\" title=\"KONICA MINOLTA DIGITAL CAMERA\" onerror=\"this.style.display='none'\"  \/>\n\t\t\t\t<img loading=\"lazy\" decoding=\"async\" src=\"https:\/\/reklame-ufholz.de\/wp-content\/uploads\/2020\/01\/IMG_2021.jpg\" alt=\"IMG_2021\" itemprop=\"image\" height=\"1713\" width=\"2284\" title=\"IMG_2021\" onerror=\"this.style.display='none'\"  \/>\n\t\t\t\t<img loading=\"lazy\" decoding=\"async\" src=\"https:\/\/reklame-ufholz.de\/wp-content\/uploads\/2020\/01\/A_DSC06482-scaled.jpg\" alt=\"A_DSC06482\" itemprop=\"image\" height=\"1440\" width=\"2560\" title=\"A_DSC06482\" onerror=\"this.style.display='none'\"  \/>\n\t\t\t\t<img loading=\"lazy\" decoding=\"async\" src=\"https:\/\/reklame-ufholz.de\/wp-content\/uploads\/2020\/01\/DSC01580-scaled.jpg\" alt=\"DSC01580\" itemprop=\"image\" height=\"1920\" width=\"2560\" title=\"DSC01580\" onerror=\"this.style.display='none'\"  \/>\n\t\t\t\t<img loading=\"lazy\" decoding=\"async\" src=\"https:\/\/reklame-ufholz.de\/wp-content\/uploads\/2020\/01\/Bauschild_Viermorgen_III_Fertigung_PICT2089-scaled.jpg\" alt=\"KONICA MINOLTA DIGITAL CAMERA\" itemprop=\"image\" height=\"1920\" width=\"2560\" title=\"KONICA MINOLTA DIGITAL CAMERA\" onerror=\"this.style.display='none'\"  \/>\n\t\t\t\t<img loading=\"lazy\" decoding=\"async\" src=\"https:\/\/reklame-ufholz.de\/wp-content\/uploads\/2020\/01\/IMG_4624.jpg\" alt=\"IMG_4624\" itemprop=\"image\" height=\"1120\" width=\"630\" title=\"IMG_4624\" onerror=\"this.style.display='none'\"  \/>\n\t\t\t\t<img loading=\"lazy\" decoding=\"async\" src=\"https:\/\/reklame-ufholz.de\/wp-content\/uploads\/2020\/01\/IMG_2023.jpg\" alt=\"IMG_2023\" itemprop=\"image\" height=\"1713\" width=\"2284\" title=\"IMG_2023\" onerror=\"this.style.display='none'\"  \/>\n\t\t\t\t<img loading=\"lazy\" decoding=\"async\" src=\"https:\/\/reklame-ufholz.de\/wp-content\/uploads\/2020\/01\/IMG_2877.jpg\" alt=\"IMG_2877\" itemprop=\"image\" height=\"1713\" width=\"2284\" title=\"IMG_2877\" onerror=\"this.style.display='none'\"  \/>\n\t\t<h3>Sie haben Fragen? Kontaktieren Sie uns!<\/h3>\n\t\t\t<a href=\"https:\/\/reklame-ufholz.de\/?page_id=18\" target=\"_self\" role=\"button\" rel=\"noopener noreferrer\">\n\t\t\t\t\t\tKontakt aufnehmen\n\t\t\t\t\t<\/a>\n","protected":false},"excerpt":{"rendered":"<p>Schilder &#038; Werbetafeln Werbeschilder, Bauschilder, Hinweisschilder, Sportplatzschilder, Verbotsschilder und vieles mehr. Schilder leiten Kunden erfolgreich zu Ihrem Unternehmen und repr\u00e4sentieren es vor Ort. Des Weiteren haben Sie die M\u00f6glichkeit mit Schildern an weiteren Orten wie z.B. Sportpl\u00e4tzen auf Ihr Unternehmen aufmerksam zu machen. Wir fertigen Schilder aus: \u00a0Aluminium \u00a0Aluminiumverbundplatten \u00a0Acrylglas \u00a0Kunststoff z.B. Hartschaum \u00a0Stahlblech Wir&hellip;<\/p>\n","protected":false},"author":1,"featured_media":0,"parent":0,"menu_order":0,"comment_status":"closed","ping_status":"closed","template":"tpl-no-header-footer.php","meta":{"footnotes":""},"class_list":["post-303","page","type-page","status-publish","hentry"],"yoast_head":"<!-- This site is optimized with the Yoast SEO plugin v26.3 - https:\/\/yoast.com\/wordpress\/plugins\/seo\/ -->\n<title>Schilder &amp; Werbetafeln - Reklame Ufholz<\/title>\n<meta name=\"robots\" content=\"index, follow, max-snippet:-1, max-image-preview:large, max-video-preview:-1\" \/>\n<link rel=\"canonical\" href=\"https:\/\/reklame-ufholz.de\/?page_id=303\" \/>\n<meta property=\"og:locale\" content=\"de_DE\" \/>\n<meta property=\"og:type\" content=\"article\" \/>\n<meta property=\"og:title\" content=\"Schilder &amp; Werbetafeln - Reklame Ufholz\" \/>\n<meta property=\"og:description\" content=\"Schilder &#038; Werbetafeln Werbeschilder, Bauschilder, Hinweisschilder, Sportplatzschilder, Verbotsschilder und vieles mehr. Schilder leiten Kunden erfolgreich zu Ihrem Unternehmen und repr\u00e4sentieren es vor Ort. Des Weiteren haben Sie die M\u00f6glichkeit mit Schildern an weiteren Orten wie z.B. Sportpl\u00e4tzen auf Ihr Unternehmen aufmerksam zu machen. Wir fertigen Schilder aus: \u00a0Aluminium \u00a0Aluminiumverbundplatten \u00a0Acrylglas \u00a0Kunststoff z.B. Hartschaum \u00a0Stahlblech Wir&hellip;\" \/>\n<meta property=\"og:url\" content=\"https:\/\/reklame-ufholz.de\/?page_id=303\" \/>\n<meta property=\"og:site_name\" content=\"Reklame Ufholz\" \/>\n<meta property=\"article:modified_time\" content=\"2020-02-29T14:29:53+00:00\" \/>\n<meta property=\"og:image\" content=\"https:\/\/reklame-ufholz.de\/wp-content\/uploads\/2020\/02\/Logo_klein-1.png\" \/>\n<meta name=\"twitter:card\" content=\"summary_large_image\" \/>\n<script type=\"application\/ld+json\" class=\"yoast-schema-graph\">{\"@context\":\"https:\/\/schema.org\",\"@graph\":[{\"@type\":\"WebPage\",\"@id\":\"https:\/\/reklame-ufholz.de\/?page_id=303\",\"url\":\"https:\/\/reklame-ufholz.de\/?page_id=303\",\"name\":\"Schilder & Werbetafeln - Reklame Ufholz\",\"isPartOf\":{\"@id\":\"https:\/\/reklame-ufholz.de\/#website\"},\"primaryImageOfPage\":{\"@id\":\"https:\/\/reklame-ufholz.de\/?page_id=303#primaryimage\"},\"image\":{\"@id\":\"https:\/\/reklame-ufholz.de\/?page_id=303#primaryimage\"},\"thumbnailUrl\":\"https:\/\/reklame-ufholz.de\/wp-content\/uploads\/2020\/02\/Logo_klein-1.png\",\"datePublished\":\"2020-02-16T10:54:24+00:00\",\"dateModified\":\"2020-02-29T14:29:53+00:00\",\"breadcrumb\":{\"@id\":\"https:\/\/reklame-ufholz.de\/?page_id=303#breadcrumb\"},\"inLanguage\":\"de\",\"potentialAction\":[{\"@type\":\"ReadAction\",\"target\":[\"https:\/\/reklame-ufholz.de\/?page_id=303\"]}]},{\"@type\":\"ImageObject\",\"inLanguage\":\"de\",\"@id\":\"https:\/\/reklame-ufholz.de\/?page_id=303#primaryimage\",\"url\":\"https:\/\/reklame-ufholz.de\/wp-content\/uploads\/2020\/02\/Logo_klein-1.png\",\"contentUrl\":\"https:\/\/reklame-ufholz.de\/wp-content\/uploads\/2020\/02\/Logo_klein-1.png\",\"width\":127,\"height\":111},{\"@type\":\"BreadcrumbList\",\"@id\":\"https:\/\/reklame-ufholz.de\/?page_id=303#breadcrumb\",\"itemListElement\":[{\"@type\":\"ListItem\",\"position\":1,\"name\":\"Startseite\",\"item\":\"https:\/\/reklame-ufholz.de\/\"},{\"@type\":\"ListItem\",\"position\":2,\"name\":\"Schilder &#038; Werbetafeln\"}]},{\"@type\":\"WebSite\",\"@id\":\"https:\/\/reklame-ufholz.de\/#website\",\"url\":\"https:\/\/reklame-ufholz.de\/\",\"name\":\"Reklame Ufholz\",\"description\":\"Ihr Werbetechnik-Partner im Raum Karlsruhe\",\"potentialAction\":[{\"@type\":\"SearchAction\",\"target\":{\"@type\":\"EntryPoint\",\"urlTemplate\":\"https:\/\/reklame-ufholz.de\/?s={search_term_string}\"},\"query-input\":{\"@type\":\"PropertyValueSpecification\",\"valueRequired\":true,\"valueName\":\"search_term_string\"}}],\"inLanguage\":\"de\"}]}<\/script>\n<!-- \/ Yoast SEO plugin. -->","yoast_head_json":{"title":"Schilder & Werbetafeln - Reklame Ufholz","robots":{"index":"index","follow":"follow","max-snippet":"max-snippet:-1","max-image-preview":"max-image-preview:large","max-video-preview":"max-video-preview:-1"},"canonical":"https:\/\/reklame-ufholz.de\/?page_id=303","og_locale":"de_DE","og_type":"article","og_title":"Schilder & Werbetafeln - Reklame Ufholz","og_description":"Schilder &#038; Werbetafeln Werbeschilder, Bauschilder, Hinweisschilder, Sportplatzschilder, Verbotsschilder und vieles mehr. Schilder leiten Kunden erfolgreich zu Ihrem Unternehmen und repr\u00e4sentieren es vor Ort. Des Weiteren haben Sie die M\u00f6glichkeit mit Schildern an weiteren Orten wie z.B. Sportpl\u00e4tzen auf Ihr Unternehmen aufmerksam zu machen. Wir fertigen Schilder aus: \u00a0Aluminium \u00a0Aluminiumverbundplatten \u00a0Acrylglas \u00a0Kunststoff z.B. Hartschaum \u00a0Stahlblech Wir&hellip;","og_url":"https:\/\/reklame-ufholz.de\/?page_id=303","og_site_name":"Reklame Ufholz","article_modified_time":"2020-02-29T14:29:53+00:00","og_image":[{"url":"https:\/\/reklame-ufholz.de\/wp-content\/uploads\/2020\/02\/Logo_klein-1.png","type":"","width":"","height":""}],"twitter_card":"summary_large_image","schema":{"@context":"https:\/\/schema.org","@graph":[{"@type":"WebPage","@id":"https:\/\/reklame-ufholz.de\/?page_id=303","url":"https:\/\/reklame-ufholz.de\/?page_id=303","name":"Schilder & Werbetafeln - Reklame Ufholz","isPartOf":{"@id":"https:\/\/reklame-ufholz.de\/#website"},"primaryImageOfPage":{"@id":"https:\/\/reklame-ufholz.de\/?page_id=303#primaryimage"},"image":{"@id":"https:\/\/reklame-ufholz.de\/?page_id=303#primaryimage"},"thumbnailUrl":"https:\/\/reklame-ufholz.de\/wp-content\/uploads\/2020\/02\/Logo_klein-1.png","datePublished":"2020-02-16T10:54:24+00:00","dateModified":"2020-02-29T14:29:53+00:00","breadcrumb":{"@id":"https:\/\/reklame-ufholz.de\/?page_id=303#breadcrumb"},"inLanguage":"de","potentialAction":[{"@type":"ReadAction","target":["https:\/\/reklame-ufholz.de\/?page_id=303"]}]},{"@type":"ImageObject","inLanguage":"de","@id":"https:\/\/reklame-ufholz.de\/?page_id=303#primaryimage","url":"https:\/\/reklame-ufholz.de\/wp-content\/uploads\/2020\/02\/Logo_klein-1.png","contentUrl":"https:\/\/reklame-ufholz.de\/wp-content\/uploads\/2020\/02\/Logo_klein-1.png","width":127,"height":111},{"@type":"BreadcrumbList","@id":"https:\/\/reklame-ufholz.de\/?page_id=303#breadcrumb","itemListElement":[{"@type":"ListItem","position":1,"name":"Startseite","item":"https:\/\/reklame-ufholz.de\/"},{"@type":"ListItem","position":2,"name":"Schilder &#038; Werbetafeln"}]},{"@type":"WebSite","@id":"https:\/\/reklame-ufholz.de\/#website","url":"https:\/\/reklame-ufholz.de\/","name":"Reklame Ufholz","description":"Ihr Werbetechnik-Partner im Raum Karlsruhe","potentialAction":[{"@type":"SearchAction","target":{"@type":"EntryPoint","urlTemplate":"https:\/\/reklame-ufholz.de\/?s={search_term_string}"},"query-input":{"@type":"PropertyValueSpecification","valueRequired":true,"valueName":"search_term_string"}}],"inLanguage":"de"}]}},"_links":{"self":[{"href":"https:\/\/reklame-ufholz.de\/index.php?rest_route=\/wp\/v2\/pages\/303","targetHints":{"allow":["GET"]}}],"collection":[{"href":"https:\/\/reklame-ufholz.de\/index.php?rest_route=\/wp\/v2\/pages"}],"about":[{"href":"https:\/\/reklame-ufholz.de\/index.php?rest_route=\/wp\/v2\/types\/page"}],"author":[{"embeddable":true,"href":"https:\/\/reklame-ufholz.de\/index.php?rest_route=\/wp\/v2\/users\/1"}],"replies":[{"embeddable":true,"href":"https:\/\/reklame-ufholz.de\/index.php?rest_route=%2Fwp%2Fv2%2Fcomments&post=303"}],"version-history":[{"count":8,"href":"https:\/\/reklame-ufholz.de\/index.php?rest_route=\/wp\/v2\/pages\/303\/revisions"}],"predecessor-version":[{"id":533,"href":"https:\/\/reklame-ufholz.de\/index.php?rest_route=\/wp\/v2\/pages\/303\/revisions\/533"}],"wp:attachment":[{"href":"https:\/\/reklame-ufholz.de\/index.php?rest_route=%2Fwp%2Fv2%2Fmedia&parent=303"}],"curies":[{"name":"wp","href":"https:\/\/api.w.org\/{rel}","templated":true}]}}