{"id":207,"date":"2020-02-09T18:09:02","date_gmt":"2020-02-09T17:09:02","guid":{"rendered":"https:\/\/reklame-ufholz.de\/?page_id=207"},"modified":"2020-02-29T15:55:39","modified_gmt":"2020-02-29T14:55:39","slug":"fahrzeugbeschriftungen","status":"publish","type":"page","link":"https:\/\/reklame-ufholz.de\/?page_id=207","title":{"rendered":"Fahrzeugbeschriftungen"},"content":{"rendered":"\n\t\t\t\t<a href=\"https:\/\/reklame-ufholz.de\/?page_id=438\" target=\"_self\" itemprop=\"url\" rel=\"noopener noreferrer\">\n\t\t\t\t<img loading=\"lazy\" decoding=\"async\" src=\"https:\/\/reklame-ufholz.de\/wp-content\/uploads\/2020\/02\/Logo_klein-1.png\" alt=\"Logo_klein\" itemprop=\"image\" height=\"111\" width=\"127\" title=\"Logo_klein\" onerror=\"this.style.display='none'\"  \/>\n\t\t\t\t<\/a>\n\t\t\t\t<a href=\"https:\/\/reklame-ufholz.de\/?page_id=438\" target=\"_self\" itemprop=\"url\" rel=\"noopener noreferrer\">\n\t\t\t\t<img loading=\"lazy\" decoding=\"async\" src=\"https:\/\/reklame-ufholz.de\/wp-content\/uploads\/2020\/02\/Schriftzug-1024x85.png\" alt=\"Schriftzug\" itemprop=\"image\" height=\"85\" width=\"1024\" title=\"Schriftzug\" onerror=\"this.style.display='none'\"  \/>\n\t\t\t\t<\/a>\n<h1>\n\t\t<a href=\"#Referenz\" title=\"Fahrzeugbeschriftungen\" target=\"_self\" rel=\"noopener noreferrer\">\n\t\tFahrzeugbeschriftungen\n\t\t<\/a>\n\t<\/h1>\n\t<p>PKW- und Transporter- Beschriftungen<\/p>\n\t<p>&#8230;bringen Ihre Werbung auf die Stra\u00dfe und erh\u00f6hen deutlich die Reichweite Ihrer Werbung. Daher ist die Nutzung dieser Werbefl\u00e4che unerl\u00e4sslich f\u00fcr ein erfolgreiches Werbekonzept.<\/p>\n<p>Wir beschriften f\u00fcr Sie mit:<\/p>\n<ul>\n<li>Folien<\/li>\n<li>Digitaldrucken<\/li>\n<li>Farben &amp; Lacken<\/li>\n<\/ul>\n<p>&nbsp;<\/p>\n\t<h1>Referenzbeispiele<\/h1>\n\t\t\t\t<img loading=\"lazy\" decoding=\"async\" src=\"https:\/\/reklame-ufholz.de\/wp-content\/uploads\/2020\/01\/20180823_121404-scaled.jpg\" alt=\"20180823_121404\" itemprop=\"image\" height=\"1404\" width=\"2560\" title=\"20180823_121404\" onerror=\"this.style.display='none'\"  \/>\n\t\t\t\t<img loading=\"lazy\" decoding=\"async\" src=\"https:\/\/reklame-ufholz.de\/wp-content\/uploads\/2020\/01\/anhang5-scaled.jpg\" alt=\"anhang5\" itemprop=\"image\" height=\"1920\" width=\"2560\" title=\"anhang5\" onerror=\"this.style.display='none'\"  \/>\n\t\t\t\t<img loading=\"lazy\" decoding=\"async\" src=\"https:\/\/reklame-ufholz.de\/wp-content\/uploads\/2020\/02\/20200201_100559-scaled.jpg\" alt=\"20200201_100559\" itemprop=\"image\" height=\"1920\" width=\"2560\" title=\"20200201_100559\" onerror=\"this.style.display='none'\"  \/>\n\t\t\t\t<img loading=\"lazy\" decoding=\"async\" src=\"https:\/\/reklame-ufholz.de\/wp-content\/uploads\/2020\/02\/20200201_100551-scaled.jpg\" alt=\"20200201_100551\" itemprop=\"image\" height=\"1920\" width=\"2560\" title=\"20200201_100551\" onerror=\"this.style.display='none'\"  \/>\n\t\t\t\t<img loading=\"lazy\" decoding=\"async\" src=\"https:\/\/reklame-ufholz.de\/wp-content\/uploads\/2020\/01\/DSC01521-scaled.jpg\" alt=\"DSC01521\" itemprop=\"image\" height=\"1920\" width=\"2560\" title=\"DSC01521\" onerror=\"this.style.display='none'\"  \/>\n\t\t\t\t<img loading=\"lazy\" decoding=\"async\" src=\"https:\/\/reklame-ufholz.de\/wp-content\/uploads\/2020\/01\/DSC05013-scaled.jpg\" alt=\"DSC05013\" itemprop=\"image\" height=\"1440\" width=\"2560\" title=\"DSC05013\" onerror=\"this.style.display='none'\"  \/>\n\t\t\t\t<img loading=\"lazy\" decoding=\"async\" src=\"https:\/\/reklame-ufholz.de\/wp-content\/uploads\/2020\/01\/DSC06040-scaled.jpg\" alt=\"DSC06040\" itemprop=\"image\" height=\"1440\" width=\"2560\" title=\"DSC06040\" onerror=\"this.style.display='none'\"  \/>\n\t\t\t\t<img loading=\"lazy\" decoding=\"async\" src=\"https:\/\/reklame-ufholz.de\/wp-content\/uploads\/2020\/01\/IMG_4516.jpg\" alt=\"IMG_4516\" itemprop=\"image\" height=\"537\" width=\"716\" title=\"IMG_4516\" onerror=\"this.style.display='none'\"  \/>\n\t\t\t\t<img loading=\"lazy\" decoding=\"async\" src=\"https:\/\/reklame-ufholz.de\/wp-content\/uploads\/2020\/02\/Fiat-ohne-KZ-2.jpg\" alt=\"Fiat ohne KZ 2\" itemprop=\"image\" height=\"543\" width=\"720\" title=\"Fiat ohne KZ 2\" onerror=\"this.style.display='none'\"  \/>\n\t\t\t\t<img loading=\"lazy\" decoding=\"async\" src=\"https:\/\/reklame-ufholz.de\/wp-content\/uploads\/2020\/02\/Beschr-roter-Twingo-scaled.jpg\" alt=\"Beschr roter Twingo\" itemprop=\"image\" height=\"1920\" width=\"2560\" title=\"Beschr roter Twingo\" onerror=\"this.style.display='none'\"  \/>\n\t\t\t\t<img loading=\"lazy\" decoding=\"async\" src=\"https:\/\/reklame-ufholz.de\/wp-content\/uploads\/2020\/02\/PKW-Beschriftung_Direkt_am-See-20200218_131330-scaled.jpg\" alt=\"PKW-Beschriftung_Direkt_am See 20200218_131330\" itemprop=\"image\" height=\"1315\" width=\"2560\" title=\"PKW-Beschriftung_Direkt_am See 20200218_131330\" onerror=\"this.style.display='none'\"  \/>\n\t\t\t\t<img loading=\"lazy\" decoding=\"async\" src=\"https:\/\/reklame-ufholz.de\/wp-content\/uploads\/2020\/01\/20180203_120150-scaled.jpg\" alt=\"20180203_120150\" itemprop=\"image\" height=\"1920\" width=\"2560\" title=\"20180203_120150\" onerror=\"this.style.display='none'\"  \/>\n\t\t\t\t<img loading=\"lazy\" decoding=\"async\" src=\"https:\/\/reklame-ufholz.de\/wp-content\/uploads\/2020\/02\/20200201_100542-scaled.jpg\" alt=\"20200201_100542\" itemprop=\"image\" height=\"2560\" width=\"1920\" title=\"20200201_100542\" onerror=\"this.style.display='none'\"  \/>\n\t\t\t\t<img loading=\"lazy\" decoding=\"async\" src=\"https:\/\/reklame-ufholz.de\/wp-content\/uploads\/2020\/01\/DSC01523-scaled.jpg\" alt=\"DSC01523\" itemprop=\"image\" height=\"1920\" width=\"2560\" title=\"DSC01523\" onerror=\"this.style.display='none'\"  \/>\n\t\t\t\t<img loading=\"lazy\" decoding=\"async\" src=\"https:\/\/reklame-ufholz.de\/wp-content\/uploads\/2020\/01\/DSC_0349-scaled.jpg\" alt=\"DSC_0349\" itemprop=\"image\" height=\"1700\" width=\"2560\" title=\"DSC_0349\" onerror=\"this.style.display='none'\"  \/>\n\t\t\t\t<img loading=\"lazy\" decoding=\"async\" src=\"https:\/\/reklame-ufholz.de\/wp-content\/uploads\/2020\/01\/anhang2-scaled.jpg\" alt=\"anhang2\" itemprop=\"image\" height=\"1920\" width=\"2560\" title=\"anhang2\" onerror=\"this.style.display='none'\"  \/>\n\t\t\t\t<img loading=\"lazy\" decoding=\"async\" src=\"https:\/\/reklame-ufholz.de\/wp-content\/uploads\/2020\/02\/Smart-ohne-KZ.jpg\" alt=\"Smart ohne KZ\" itemprop=\"image\" height=\"564\" width=\"847\" title=\"Smart ohne KZ\" onerror=\"this.style.display='none'\"  \/>\n\t\t\t\t<img loading=\"lazy\" decoding=\"async\" src=\"https:\/\/reklame-ufholz.de\/wp-content\/uploads\/2020\/02\/Fiat-ohne-KZ.jpg\" alt=\"Fiat ohne KZ\" itemprop=\"image\" height=\"605\" width=\"1018\" title=\"Fiat ohne KZ\" onerror=\"this.style.display='none'\"  \/>\n\t\t\t\t<img loading=\"lazy\" decoding=\"async\" src=\"https:\/\/reklame-ufholz.de\/wp-content\/uploads\/2020\/02\/roter-Twingo-2-scaled.jpg\" alt=\"roter Twingo 2\" itemprop=\"image\" height=\"1920\" width=\"2560\" title=\"roter Twingo 2\" onerror=\"this.style.display='none'\"  \/>\n\t\t\t\t<img loading=\"lazy\" decoding=\"async\" src=\"https:\/\/reklame-ufholz.de\/wp-content\/uploads\/2020\/01\/IMG_0538-scaled.jpg\" alt=\"IMG_0538\" itemprop=\"image\" height=\"1920\" width=\"2560\" title=\"IMG_0538\" onerror=\"this.style.display='none'\"  \/>\n\t\t<h3>Sie haben Fragen? Kontaktieren Sie uns!<\/h3>\n\t\t\t<a href=\"https:\/\/reklame-ufholz.de\/?page_id=18\" target=\"_self\" role=\"button\" rel=\"noopener noreferrer\">\n\t\t\t\t\t\tKontakt aufnehmen\n\t\t\t\t\t<\/a>\n","protected":false},"excerpt":{"rendered":"<p>Fahrzeugbeschriftungen PKW- und Transporter- Beschriftungen &#8230;bringen Ihre Werbung auf die Stra\u00dfe und erh\u00f6hen deutlich die Reichweite Ihrer Werbung. Daher ist die Nutzung dieser Werbefl\u00e4che unerl\u00e4sslich f\u00fcr ein erfolgreiches Werbekonzept. Wir beschriften f\u00fcr Sie mit: Folien Digitaldrucken Farben &amp; Lacken &nbsp; Referenzbeispiele Sie haben Fragen? Kontaktieren Sie uns! Kontakt aufnehmen<\/p>\n","protected":false},"author":1,"featured_media":0,"parent":0,"menu_order":0,"comment_status":"closed","ping_status":"closed","template":"tpl-no-header-footer.php","meta":{"footnotes":""},"class_list":["post-207","page","type-page","status-publish","hentry"],"yoast_head":"<!-- This site is optimized with the Yoast SEO plugin v26.3 - https:\/\/yoast.com\/wordpress\/plugins\/seo\/ -->\n<title>Fahrzeugbeschriftungen - Reklame Ufholz<\/title>\n<meta name=\"robots\" content=\"index, follow, max-snippet:-1, max-image-preview:large, max-video-preview:-1\" \/>\n<link rel=\"canonical\" href=\"https:\/\/reklame-ufholz.de\/?page_id=207\" \/>\n<meta property=\"og:locale\" content=\"de_DE\" \/>\n<meta property=\"og:type\" content=\"article\" \/>\n<meta property=\"og:title\" content=\"Fahrzeugbeschriftungen - Reklame Ufholz\" \/>\n<meta property=\"og:description\" content=\"Fahrzeugbeschriftungen PKW- und Transporter- Beschriftungen &#8230;bringen Ihre Werbung auf die Stra\u00dfe und erh\u00f6hen deutlich die Reichweite Ihrer Werbung. Daher ist die Nutzung dieser Werbefl\u00e4che unerl\u00e4sslich f\u00fcr ein erfolgreiches Werbekonzept. Wir beschriften f\u00fcr Sie mit: Folien Digitaldrucken Farben &amp; Lacken &nbsp; Referenzbeispiele Sie haben Fragen? Kontaktieren Sie uns! Kontakt aufnehmen\" \/>\n<meta property=\"og:url\" content=\"https:\/\/reklame-ufholz.de\/?page_id=207\" \/>\n<meta property=\"og:site_name\" content=\"Reklame Ufholz\" \/>\n<meta property=\"article:modified_time\" content=\"2020-02-29T14:55:39+00:00\" \/>\n<meta property=\"og:image\" content=\"https:\/\/reklame-ufholz.de\/wp-content\/uploads\/2020\/02\/Logo_klein-1.png\" \/>\n<meta name=\"twitter:card\" content=\"summary_large_image\" \/>\n<script type=\"application\/ld+json\" class=\"yoast-schema-graph\">{\"@context\":\"https:\/\/schema.org\",\"@graph\":[{\"@type\":\"WebPage\",\"@id\":\"https:\/\/reklame-ufholz.de\/?page_id=207\",\"url\":\"https:\/\/reklame-ufholz.de\/?page_id=207\",\"name\":\"Fahrzeugbeschriftungen - Reklame Ufholz\",\"isPartOf\":{\"@id\":\"https:\/\/reklame-ufholz.de\/#website\"},\"primaryImageOfPage\":{\"@id\":\"https:\/\/reklame-ufholz.de\/?page_id=207#primaryimage\"},\"image\":{\"@id\":\"https:\/\/reklame-ufholz.de\/?page_id=207#primaryimage\"},\"thumbnailUrl\":\"https:\/\/reklame-ufholz.de\/wp-content\/uploads\/2020\/02\/Logo_klein-1.png\",\"datePublished\":\"2020-02-09T17:09:02+00:00\",\"dateModified\":\"2020-02-29T14:55:39+00:00\",\"breadcrumb\":{\"@id\":\"https:\/\/reklame-ufholz.de\/?page_id=207#breadcrumb\"},\"inLanguage\":\"de\",\"potentialAction\":[{\"@type\":\"ReadAction\",\"target\":[\"https:\/\/reklame-ufholz.de\/?page_id=207\"]}]},{\"@type\":\"ImageObject\",\"inLanguage\":\"de\",\"@id\":\"https:\/\/reklame-ufholz.de\/?page_id=207#primaryimage\",\"url\":\"https:\/\/reklame-ufholz.de\/wp-content\/uploads\/2020\/02\/Logo_klein-1.png\",\"contentUrl\":\"https:\/\/reklame-ufholz.de\/wp-content\/uploads\/2020\/02\/Logo_klein-1.png\",\"width\":127,\"height\":111},{\"@type\":\"BreadcrumbList\",\"@id\":\"https:\/\/reklame-ufholz.de\/?page_id=207#breadcrumb\",\"itemListElement\":[{\"@type\":\"ListItem\",\"position\":1,\"name\":\"Startseite\",\"item\":\"https:\/\/reklame-ufholz.de\/\"},{\"@type\":\"ListItem\",\"position\":2,\"name\":\"Fahrzeugbeschriftungen\"}]},{\"@type\":\"WebSite\",\"@id\":\"https:\/\/reklame-ufholz.de\/#website\",\"url\":\"https:\/\/reklame-ufholz.de\/\",\"name\":\"Reklame Ufholz\",\"description\":\"Ihr Werbetechnik-Partner im Raum Karlsruhe\",\"potentialAction\":[{\"@type\":\"SearchAction\",\"target\":{\"@type\":\"EntryPoint\",\"urlTemplate\":\"https:\/\/reklame-ufholz.de\/?s={search_term_string}\"},\"query-input\":{\"@type\":\"PropertyValueSpecification\",\"valueRequired\":true,\"valueName\":\"search_term_string\"}}],\"inLanguage\":\"de\"}]}<\/script>\n<!-- \/ Yoast SEO plugin. -->","yoast_head_json":{"title":"Fahrzeugbeschriftungen - Reklame Ufholz","robots":{"index":"index","follow":"follow","max-snippet":"max-snippet:-1","max-image-preview":"max-image-preview:large","max-video-preview":"max-video-preview:-1"},"canonical":"https:\/\/reklame-ufholz.de\/?page_id=207","og_locale":"de_DE","og_type":"article","og_title":"Fahrzeugbeschriftungen - Reklame Ufholz","og_description":"Fahrzeugbeschriftungen PKW- und Transporter- Beschriftungen &#8230;bringen Ihre Werbung auf die Stra\u00dfe und erh\u00f6hen deutlich die Reichweite Ihrer Werbung. Daher ist die Nutzung dieser Werbefl\u00e4che unerl\u00e4sslich f\u00fcr ein erfolgreiches Werbekonzept. Wir beschriften f\u00fcr Sie mit: Folien Digitaldrucken Farben &amp; Lacken &nbsp; Referenzbeispiele Sie haben Fragen? Kontaktieren Sie uns! Kontakt aufnehmen","og_url":"https:\/\/reklame-ufholz.de\/?page_id=207","og_site_name":"Reklame Ufholz","article_modified_time":"2020-02-29T14:55:39+00:00","og_image":[{"url":"https:\/\/reklame-ufholz.de\/wp-content\/uploads\/2020\/02\/Logo_klein-1.png","type":"","width":"","height":""}],"twitter_card":"summary_large_image","schema":{"@context":"https:\/\/schema.org","@graph":[{"@type":"WebPage","@id":"https:\/\/reklame-ufholz.de\/?page_id=207","url":"https:\/\/reklame-ufholz.de\/?page_id=207","name":"Fahrzeugbeschriftungen - Reklame Ufholz","isPartOf":{"@id":"https:\/\/reklame-ufholz.de\/#website"},"primaryImageOfPage":{"@id":"https:\/\/reklame-ufholz.de\/?page_id=207#primaryimage"},"image":{"@id":"https:\/\/reklame-ufholz.de\/?page_id=207#primaryimage"},"thumbnailUrl":"https:\/\/reklame-ufholz.de\/wp-content\/uploads\/2020\/02\/Logo_klein-1.png","datePublished":"2020-02-09T17:09:02+00:00","dateModified":"2020-02-29T14:55:39+00:00","breadcrumb":{"@id":"https:\/\/reklame-ufholz.de\/?page_id=207#breadcrumb"},"inLanguage":"de","potentialAction":[{"@type":"ReadAction","target":["https:\/\/reklame-ufholz.de\/?page_id=207"]}]},{"@type":"ImageObject","inLanguage":"de","@id":"https:\/\/reklame-ufholz.de\/?page_id=207#primaryimage","url":"https:\/\/reklame-ufholz.de\/wp-content\/uploads\/2020\/02\/Logo_klein-1.png","contentUrl":"https:\/\/reklame-ufholz.de\/wp-content\/uploads\/2020\/02\/Logo_klein-1.png","width":127,"height":111},{"@type":"BreadcrumbList","@id":"https:\/\/reklame-ufholz.de\/?page_id=207#breadcrumb","itemListElement":[{"@type":"ListItem","position":1,"name":"Startseite","item":"https:\/\/reklame-ufholz.de\/"},{"@type":"ListItem","position":2,"name":"Fahrzeugbeschriftungen"}]},{"@type":"WebSite","@id":"https:\/\/reklame-ufholz.de\/#website","url":"https:\/\/reklame-ufholz.de\/","name":"Reklame Ufholz","description":"Ihr Werbetechnik-Partner im Raum Karlsruhe","potentialAction":[{"@type":"SearchAction","target":{"@type":"EntryPoint","urlTemplate":"https:\/\/reklame-ufholz.de\/?s={search_term_string}"},"query-input":{"@type":"PropertyValueSpecification","valueRequired":true,"valueName":"search_term_string"}}],"inLanguage":"de"}]}},"_links":{"self":[{"href":"https:\/\/reklame-ufholz.de\/index.php?rest_route=\/wp\/v2\/pages\/207","targetHints":{"allow":["GET"]}}],"collection":[{"href":"https:\/\/reklame-ufholz.de\/index.php?rest_route=\/wp\/v2\/pages"}],"about":[{"href":"https:\/\/reklame-ufholz.de\/index.php?rest_route=\/wp\/v2\/types\/page"}],"author":[{"embeddable":true,"href":"https:\/\/reklame-ufholz.de\/index.php?rest_route=\/wp\/v2\/users\/1"}],"replies":[{"embeddable":true,"href":"https:\/\/reklame-ufholz.de\/index.php?rest_route=%2Fwp%2Fv2%2Fcomments&post=207"}],"version-history":[{"count":24,"href":"https:\/\/reklame-ufholz.de\/index.php?rest_route=\/wp\/v2\/pages\/207\/revisions"}],"predecessor-version":[{"id":531,"href":"https:\/\/reklame-ufholz.de\/index.php?rest_route=\/wp\/v2\/pages\/207\/revisions\/531"}],"wp:attachment":[{"href":"https:\/\/reklame-ufholz.de\/index.php?rest_route=%2Fwp%2Fv2%2Fmedia&parent=207"}],"curies":[{"name":"wp","href":"https:\/\/api.w.org\/{rel}","templated":true}]}}