{"id":18,"date":"2020-02-16T18:44:38","date_gmt":"2020-02-16T17:44:38","guid":{"rendered":"http:\/\/reklame-ufholz.de\/?page_id=18"},"modified":"2024-11-29T09:27:20","modified_gmt":"2024-11-29T08:27:20","slug":"kontakt","status":"publish","type":"page","link":"https:\/\/reklame-ufholz.de\/?page_id=18","title":{"rendered":"Kontakt &#038; Team"},"content":{"rendered":"\n\n\t\t\t\t<a href=\"https:\/\/reklame-ufholz.de\/?page_id=438\" target=\"_self\" itemprop=\"url\">\n\t\t\t\t<img loading=\"lazy\" decoding=\"async\" src=\"https:\/\/reklame-ufholz.de\/wp-content\/uploads\/2020\/02\/Logo_klein-1.png\" alt=\"Logo_klein\" itemprop=\"image\" height=\"111\" width=\"127\" title=\"Logo_klein\" onerror=\"this.style.display='none'\"  \/>\n\t\t\t\t<\/a>\n\t\t\t\t<a href=\"https:\/\/reklame-ufholz.de\/?page_id=438\" target=\"_self\" itemprop=\"url\">\n\t\t\t\t<img loading=\"lazy\" decoding=\"async\" src=\"https:\/\/reklame-ufholz.de\/wp-content\/uploads\/2020\/02\/Schriftzug-1024x85.png\" alt=\"Schriftzug\" itemprop=\"image\" height=\"85\" width=\"1024\" title=\"Schriftzug\" onerror=\"this.style.display='none'\"  \/>\n\t\t\t\t<\/a>\n<h1>\n\t\t<a href=\"#Referenz\" title=\"Kontakt\" target=\"_self\">\n\t\tKontakt\n\t\t<\/a>\n\t<\/h1>\n\t<p>Wir freuen uns, wenn Sie Kontakt zu uns aufnehmen<\/p>\n\t<p>Reklame Ufholz GdbR<\/p>\n<p>Industriestra\u00dfe 10<\/p>\n<p>76344 Eggenstein-Leopoldshafen<\/p>\n\t<p>\u00d6ffnungszeiten<\/p>\n\t<p>Mo &#8211; Fr 9:00 &#8211; 16:30 Uhr (durchgehend ge\u00f6ffnet)<\/p>\n<p>Sowie nach Vereinbarung<\/p>\n\t\t\t\t<img loading=\"lazy\" decoding=\"async\" src=\"https:\/\/reklame-ufholz.de\/wp-content\/uploads\/2020\/02\/Pylon_formatiert.jpg\" alt=\"Pylon_formatiert\" itemprop=\"image\" height=\"775\" width=\"655\" title=\"Pylon_formatiert\" onerror=\"this.style.display='none'\"  \/>\n\t<p>0721-704282<\/p>\n<p>&nbsp;<\/p>\n<p>Sie erreichen uns telefonisch nicht? Unser Team ist regelm\u00e4\u00dfig f\u00fcr unsere Kunden au\u00dfer Haus unterwegs. Schreiben Sie uns eine Nachricht, dann rufen wir Sie schnellstm\u00f6glich zur\u00fcck.\u00a0<\/p>\n\t<p>Industriestra\u00dfe 10<\/p>\n<p>76344 Eggenstein-Leopoldshafen<\/p>\n\t <div class=\"brlbs-cmpnt-container brlbs-cmpnt-content-blocker brlbs-cmpnt-with-individual-styles\" data-borlabs-cookie-content-blocker-id=\"google-maps\" data-borlabs-cookie-content=\"PGlmcmFtZSBzcmM9Imh0dHBzOi8vd3d3Lmdvb2dsZS5jb20vbWFwcy9lbWJlZC92MS9wbGFjZT9xPUluZHVzdHJpZXN0cmFzc2UrMTAlMkMrNzYzNDQrRWdnZW5zdGVpbiZrZXk9QUl6YVN5RDA5elE5UE5ETk55OVRhZE11elJWX1VzUFVvV0tudHQ4IiBhcmlhLWhpZGRlbj0idHJ1ZSI+PC9pZnJhbWU+\"><div class=\"brlbs-cmpnt-cb-preset-b brlbs-cmpnt-cb-google-maps\"> <div class=\"brlbs-cmpnt-cb-thumbnail\" style=\"background-image: url('https:\/\/reklame-ufholz.de\/wp-content\/uploads\/borlabs-cookie\/1\/brlbs-cb-google-maps-main.png')\"><\/div> <div class=\"brlbs-cmpnt-cb-main\"> <div class=\"brlbs-cmpnt-cb-content\"> <p class=\"brlbs-cmpnt-cb-description\">Sie sehen gerade einen Platzhalterinhalt von <strong>Google Maps<\/strong>. Um auf den eigentlichen Inhalt zuzugreifen, klicken Sie auf die Schaltfl\u00e4che unten. Bitte beachten Sie, dass dabei Daten an Drittanbieter weitergegeben werden.<\/p> <a class=\"brlbs-cmpnt-cb-provider-toggle\" href=\"#\" data-borlabs-cookie-show-provider-information role=\"button\">Mehr Informationen<\/a> <\/div> <div class=\"brlbs-cmpnt-cb-buttons\"> <a class=\"brlbs-cmpnt-cb-btn\" href=\"#\" data-borlabs-cookie-unblock role=\"button\">Inhalt entsperren<\/a> <a class=\"brlbs-cmpnt-cb-btn\" href=\"#\" data-borlabs-cookie-accept-service role=\"button\" style=\"display: inherit\">Erforderlichen Service akzeptieren und Inhalte entsperren<\/a> <\/div> <\/div> <\/div><\/div>\n\t<p><a href=\"mailto:info@reklame-ufholz.de\">info@reklame-ufholz.de<\/a><\/p>\n<p>&nbsp;<\/p>\n<p>oder nutzen Sie direkt dieses Kontaktformular:\u00a0<\/p>\n<h1>\n\t\t<a href=\"#Referenz\" title=\"Team\" target=\"_self\">\n\t\tTeam\n\t\t<\/a>\n\t<\/h1>\n\t<p>Die Reklame Ufholz GdbR wurde 1975 vom Maler- und Lackierermeister Andreas Ufholz gegr\u00fcndet. Seit dem 1. Januar 2001 wird der Handwerksbetrieb in der zweiten Generation von Michaele Ufholz-Scholz gef\u00fchrt. Heute werden mit neuster Computertechnik und Digitaldrucken Fahrzeuge, Werbeschilder, Pylone und vieles mehr beschriftet sowie mit besonders haltbaren Farben Fassaden werbewirksam in Szene gesetzt.<\/p>\n\t\t\t\t<img loading=\"lazy\" decoding=\"async\" src=\"https:\/\/reklame-ufholz.de\/wp-content\/uploads\/2020\/02\/Bild-Werkstatt-mit-Ups-1.png\" alt=\"Bild Werkstatt mit Ups\" itemprop=\"image\" height=\"1075\" width=\"1823\" title=\"Bild Werkstatt mit Ups\" onerror=\"this.style.display='none'\"  \/>\n\t\t<h3>Sie haben Fragen? Kontaktieren Sie uns!<\/h3>\n\t\t\t<a href=\"https:\/\/reklame-ufholz.de\/?page_id=18\" target=\"_self\">\n\t\t\t\t\t\tKontakt aufnehmen\n\t\t\t\t\t<\/a>\n\n","protected":false},"excerpt":{"rendered":"<p>Kontakt Wir freuen uns, wenn Sie Kontakt zu uns aufnehmen Reklame Ufholz GdbR Industriestra\u00dfe 10 76344 Eggenstein-Leopoldshafen \u00d6ffnungszeiten Mo &#8211; Fr 9:00 &#8211; 16:30 Uhr (durchgehend ge\u00f6ffnet) Sowie nach Vereinbarung 0721-704282 &nbsp; Sie erreichen uns telefonisch nicht? Unser Team ist regelm\u00e4\u00dfig f\u00fcr unsere Kunden au\u00dfer Haus unterwegs. Schreiben Sie uns eine Nachricht, dann rufen wir&hellip;<\/p>\n","protected":false},"author":1,"featured_media":0,"parent":0,"menu_order":0,"comment_status":"closed","ping_status":"closed","template":"tpl-no-header-footer.php","meta":{"footnotes":""},"class_list":["post-18","page","type-page","status-publish","hentry"],"yoast_head":"<!-- This site is optimized with the Yoast SEO plugin v26.3 - https:\/\/yoast.com\/wordpress\/plugins\/seo\/ -->\n<title>Kontakt &amp; Team - Reklame Ufholz<\/title>\n<meta name=\"robots\" content=\"index, follow, max-snippet:-1, max-image-preview:large, max-video-preview:-1\" \/>\n<link rel=\"canonical\" href=\"https:\/\/reklame-ufholz.de\/?page_id=18\" \/>\n<meta property=\"og:locale\" content=\"de_DE\" \/>\n<meta property=\"og:type\" content=\"article\" \/>\n<meta property=\"og:title\" content=\"Kontakt &amp; Team - Reklame Ufholz\" \/>\n<meta property=\"og:description\" content=\"Kontakt Wir freuen uns, wenn Sie Kontakt zu uns aufnehmen Reklame Ufholz GdbR Industriestra\u00dfe 10 76344 Eggenstein-Leopoldshafen \u00d6ffnungszeiten Mo &#8211; Fr 9:00 &#8211; 16:30 Uhr (durchgehend ge\u00f6ffnet) Sowie nach Vereinbarung 0721-704282 &nbsp; Sie erreichen uns telefonisch nicht? Unser Team ist regelm\u00e4\u00dfig f\u00fcr unsere Kunden au\u00dfer Haus unterwegs. Schreiben Sie uns eine Nachricht, dann rufen wir&hellip;\" \/>\n<meta property=\"og:url\" content=\"https:\/\/reklame-ufholz.de\/?page_id=18\" \/>\n<meta property=\"og:site_name\" content=\"Reklame Ufholz\" \/>\n<meta property=\"article:modified_time\" content=\"2024-11-29T08:27:20+00:00\" \/>\n<meta property=\"og:image\" content=\"https:\/\/reklame-ufholz.de\/wp-content\/uploads\/2020\/02\/Logo_klein-1.png\" \/>\n<meta name=\"twitter:card\" content=\"summary_large_image\" \/>\n<meta name=\"twitter:label1\" content=\"Gesch\u00e4tzte Lesezeit\" \/>\n\t<meta name=\"twitter:data1\" content=\"2\u00a0Minuten\" \/>\n<script type=\"application\/ld+json\" class=\"yoast-schema-graph\">{\"@context\":\"https:\/\/schema.org\",\"@graph\":[{\"@type\":\"WebPage\",\"@id\":\"https:\/\/reklame-ufholz.de\/?page_id=18\",\"url\":\"https:\/\/reklame-ufholz.de\/?page_id=18\",\"name\":\"Kontakt & Team - Reklame Ufholz\",\"isPartOf\":{\"@id\":\"https:\/\/reklame-ufholz.de\/#website\"},\"primaryImageOfPage\":{\"@id\":\"https:\/\/reklame-ufholz.de\/?page_id=18#primaryimage\"},\"image\":{\"@id\":\"https:\/\/reklame-ufholz.de\/?page_id=18#primaryimage\"},\"thumbnailUrl\":\"https:\/\/reklame-ufholz.de\/wp-content\/uploads\/2020\/02\/Logo_klein-1.png\",\"datePublished\":\"2020-02-16T17:44:38+00:00\",\"dateModified\":\"2024-11-29T08:27:20+00:00\",\"breadcrumb\":{\"@id\":\"https:\/\/reklame-ufholz.de\/?page_id=18#breadcrumb\"},\"inLanguage\":\"de\",\"potentialAction\":[{\"@type\":\"ReadAction\",\"target\":[\"https:\/\/reklame-ufholz.de\/?page_id=18\"]}]},{\"@type\":\"ImageObject\",\"inLanguage\":\"de\",\"@id\":\"https:\/\/reklame-ufholz.de\/?page_id=18#primaryimage\",\"url\":\"https:\/\/reklame-ufholz.de\/wp-content\/uploads\/2020\/02\/Logo_klein-1.png\",\"contentUrl\":\"https:\/\/reklame-ufholz.de\/wp-content\/uploads\/2020\/02\/Logo_klein-1.png\",\"width\":127,\"height\":111},{\"@type\":\"BreadcrumbList\",\"@id\":\"https:\/\/reklame-ufholz.de\/?page_id=18#breadcrumb\",\"itemListElement\":[{\"@type\":\"ListItem\",\"position\":1,\"name\":\"Startseite\",\"item\":\"https:\/\/reklame-ufholz.de\/\"},{\"@type\":\"ListItem\",\"position\":2,\"name\":\"Kontakt &#038; Team\"}]},{\"@type\":\"WebSite\",\"@id\":\"https:\/\/reklame-ufholz.de\/#website\",\"url\":\"https:\/\/reklame-ufholz.de\/\",\"name\":\"Reklame Ufholz\",\"description\":\"Ihr Werbetechnik-Partner im Raum Karlsruhe\",\"potentialAction\":[{\"@type\":\"SearchAction\",\"target\":{\"@type\":\"EntryPoint\",\"urlTemplate\":\"https:\/\/reklame-ufholz.de\/?s={search_term_string}\"},\"query-input\":{\"@type\":\"PropertyValueSpecification\",\"valueRequired\":true,\"valueName\":\"search_term_string\"}}],\"inLanguage\":\"de\"}]}<\/script>\n<!-- \/ Yoast SEO plugin. -->","yoast_head_json":{"title":"Kontakt & Team - Reklame Ufholz","robots":{"index":"index","follow":"follow","max-snippet":"max-snippet:-1","max-image-preview":"max-image-preview:large","max-video-preview":"max-video-preview:-1"},"canonical":"https:\/\/reklame-ufholz.de\/?page_id=18","og_locale":"de_DE","og_type":"article","og_title":"Kontakt & Team - Reklame Ufholz","og_description":"Kontakt Wir freuen uns, wenn Sie Kontakt zu uns aufnehmen Reklame Ufholz GdbR Industriestra\u00dfe 10 76344 Eggenstein-Leopoldshafen \u00d6ffnungszeiten Mo &#8211; Fr 9:00 &#8211; 16:30 Uhr (durchgehend ge\u00f6ffnet) Sowie nach Vereinbarung 0721-704282 &nbsp; Sie erreichen uns telefonisch nicht? Unser Team ist regelm\u00e4\u00dfig f\u00fcr unsere Kunden au\u00dfer Haus unterwegs. Schreiben Sie uns eine Nachricht, dann rufen wir&hellip;","og_url":"https:\/\/reklame-ufholz.de\/?page_id=18","og_site_name":"Reklame Ufholz","article_modified_time":"2024-11-29T08:27:20+00:00","og_image":[{"url":"https:\/\/reklame-ufholz.de\/wp-content\/uploads\/2020\/02\/Logo_klein-1.png","type":"","width":"","height":""}],"twitter_card":"summary_large_image","twitter_misc":{"Gesch\u00e4tzte Lesezeit":"2\u00a0Minuten"},"schema":{"@context":"https:\/\/schema.org","@graph":[{"@type":"WebPage","@id":"https:\/\/reklame-ufholz.de\/?page_id=18","url":"https:\/\/reklame-ufholz.de\/?page_id=18","name":"Kontakt & Team - Reklame Ufholz","isPartOf":{"@id":"https:\/\/reklame-ufholz.de\/#website"},"primaryImageOfPage":{"@id":"https:\/\/reklame-ufholz.de\/?page_id=18#primaryimage"},"image":{"@id":"https:\/\/reklame-ufholz.de\/?page_id=18#primaryimage"},"thumbnailUrl":"https:\/\/reklame-ufholz.de\/wp-content\/uploads\/2020\/02\/Logo_klein-1.png","datePublished":"2020-02-16T17:44:38+00:00","dateModified":"2024-11-29T08:27:20+00:00","breadcrumb":{"@id":"https:\/\/reklame-ufholz.de\/?page_id=18#breadcrumb"},"inLanguage":"de","potentialAction":[{"@type":"ReadAction","target":["https:\/\/reklame-ufholz.de\/?page_id=18"]}]},{"@type":"ImageObject","inLanguage":"de","@id":"https:\/\/reklame-ufholz.de\/?page_id=18#primaryimage","url":"https:\/\/reklame-ufholz.de\/wp-content\/uploads\/2020\/02\/Logo_klein-1.png","contentUrl":"https:\/\/reklame-ufholz.de\/wp-content\/uploads\/2020\/02\/Logo_klein-1.png","width":127,"height":111},{"@type":"BreadcrumbList","@id":"https:\/\/reklame-ufholz.de\/?page_id=18#breadcrumb","itemListElement":[{"@type":"ListItem","position":1,"name":"Startseite","item":"https:\/\/reklame-ufholz.de\/"},{"@type":"ListItem","position":2,"name":"Kontakt &#038; Team"}]},{"@type":"WebSite","@id":"https:\/\/reklame-ufholz.de\/#website","url":"https:\/\/reklame-ufholz.de\/","name":"Reklame Ufholz","description":"Ihr Werbetechnik-Partner im Raum Karlsruhe","potentialAction":[{"@type":"SearchAction","target":{"@type":"EntryPoint","urlTemplate":"https:\/\/reklame-ufholz.de\/?s={search_term_string}"},"query-input":{"@type":"PropertyValueSpecification","valueRequired":true,"valueName":"search_term_string"}}],"inLanguage":"de"}]}},"_links":{"self":[{"href":"https:\/\/reklame-ufholz.de\/index.php?rest_route=\/wp\/v2\/pages\/18","targetHints":{"allow":["GET"]}}],"collection":[{"href":"https:\/\/reklame-ufholz.de\/index.php?rest_route=\/wp\/v2\/pages"}],"about":[{"href":"https:\/\/reklame-ufholz.de\/index.php?rest_route=\/wp\/v2\/types\/page"}],"author":[{"embeddable":true,"href":"https:\/\/reklame-ufholz.de\/index.php?rest_route=\/wp\/v2\/users\/1"}],"replies":[{"embeddable":true,"href":"https:\/\/reklame-ufholz.de\/index.php?rest_route=%2Fwp%2Fv2%2Fcomments&post=18"}],"version-history":[{"count":20,"href":"https:\/\/reklame-ufholz.de\/index.php?rest_route=\/wp\/v2\/pages\/18\/revisions"}],"predecessor-version":[{"id":2507,"href":"https:\/\/reklame-ufholz.de\/index.php?rest_route=\/wp\/v2\/pages\/18\/revisions\/2507"}],"wp:attachment":[{"href":"https:\/\/reklame-ufholz.de\/index.php?rest_route=%2Fwp%2Fv2%2Fmedia&parent=18"}],"curies":[{"name":"wp","href":"https:\/\/api.w.org\/{rel}","templated":true}]}}